{"id":4184,"date":"2024-11-07T18:43:56","date_gmt":"2024-11-07T18:43:56","guid":{"rendered":"https:\/\/www.suursoudut.fi\/?page_id=4184"},"modified":"2025-07-10T09:53:58","modified_gmt":"2025-07-10T09:53:58","slug":"contact-information","status":"publish","type":"page","link":"https:\/\/www.suursoudut.fi\/en\/info\/contact-information\/","title":{"rendered":"Contact information"},"content":{"rendered":"\t\t<div data-elementor-type=\"wp-page\" data-elementor-id=\"4184\" class=\"elementor elementor-4184\" data-elementor-post-type=\"page\">\n\t\t\t\t<div class=\"elementor-element elementor-element-82e51f4 e-con-full e-flex e-con e-parent\" data-id=\"82e51f4\" data-element_type=\"container\" data-e-type=\"container\" data-settings=\"{&quot;background_background&quot;:&quot;classic&quot;}\">\n\t\t\t\t<div class=\"elementor-element elementor-element-5aaaa1d0 elementor-widget elementor-widget-heading\" data-id=\"5aaaa1d0\" data-element_type=\"widget\" data-e-type=\"widget\" data-widget_type=\"heading.default\">\n\t\t\t\t<div class=\"elementor-widget-container\">\n\t\t\t\t\t<h1 class=\"elementor-heading-title elementor-size-default\">Contact information<\/h1>\t\t\t\t<\/div>\n\t\t\t\t<\/div>\n\t\t\t\t<\/div>\n\t\t<div class=\"elementor-element elementor-element-c3af087 e-flex e-con-boxed e-con e-parent\" data-id=\"c3af087\" data-element_type=\"container\" data-e-type=\"container\">\n\t\t\t\t\t<div class=\"e-con-inner\">\n\t\t<div class=\"elementor-element elementor-element-efff17e e-con-full e-flex e-con e-child\" data-id=\"efff17e\" data-element_type=\"container\" data-e-type=\"container\">\n\t\t\t\t<div class=\"elementor-element elementor-element-2b1a389 elementor-widget elementor-widget-text-editor\" data-id=\"2b1a389\" data-element_type=\"widget\" data-e-type=\"widget\" data-widget_type=\"text-editor.default\">\n\t\t\t\t<div class=\"elementor-widget-container\">\n\t\t\t\t\t\t\t\t\t<h4>Customer Service:<\/h4><p>Tel. +358 10 579 3336<br \/>info@suursoudut.fi<br \/>Address: Kirkkotie 140, 58700\u00a0Sulkava<\/p><h4>Event Venue Addresses:<\/h4><p>Rowing Stadium: Alanteentie 1, 58700 Sulkava<br \/>Varviranta: Kiet\u00e4v\u00e4l\u00e4ntie 1699, 58720 Kaartilankoski<\/p>\t\t\t\t\t\t\t\t<\/div>\n\t\t\t\t<\/div>\n\t\t\t\t<\/div>\n\t\t\t\t\t<\/div>\n\t\t\t\t<\/div>\n\t\t<div class=\"elementor-element elementor-element-084653e e-con-full e-flex e-con e-parent\" data-id=\"084653e\" data-element_type=\"container\" data-e-type=\"container\">\n\t\t\t\t<div class=\"elementor-element elementor-element-00f61b5 elementor-widget elementor-widget-heading\" data-id=\"00f61b5\" data-element_type=\"widget\" data-e-type=\"widget\" data-widget_type=\"heading.default\">\n\t\t\t\t<div class=\"elementor-widget-container\">\n\t\t\t\t\t<h4 class=\"elementor-heading-title elementor-size-default\">Event Organization: <\/h4>\t\t\t\t<\/div>\n\t\t\t\t<\/div>\n\t\t\t\t<\/div>\n\t\t<div class=\"elementor-element elementor-element-52468a7 e-flex e-con-boxed e-con e-parent\" data-id=\"52468a7\" data-element_type=\"container\" data-e-type=\"container\">\n\t\t\t\t\t<div class=\"e-con-inner\">\n\t\t<div class=\"elementor-element elementor-element-fa90721 e-con-full e-flex e-con e-child\" data-id=\"fa90721\" data-element_type=\"container\" data-e-type=\"container\">\n\t\t\t\t<div class=\"elementor-element elementor-element-a159d3c elementor-widget elementor-widget-text-editor\" data-id=\"a159d3c\" data-element_type=\"widget\" data-e-type=\"widget\" data-widget_type=\"text-editor.default\">\n\t\t\t\t<div class=\"elementor-widget-container\">\n\t\t\t\t\t\t\t\t\t<p><strong>Secretary General:<\/strong><br \/>Overall responsibility for the event, sales, and marketing<br \/>Terhi-Maria Aurala<br \/>+358 50 514 5937<br \/>terhi-maria.aurala@tiittalankartano.fi<\/p><p><strong>Competition Manager:<\/strong><br \/>Responsible for competition matters<br \/>Sulkava Society<br \/>Competition Manager: Heikki Joskitt<br \/>+358 400 428 646<br \/>heikki.joskitt@gmail.com<\/p><p><strong>Accommodation Coordinators:<br \/><\/strong><strong>School Accommodation: <\/strong> Tuula Sorjonen<br \/>+358 50 548 6120<br \/>sorjonen.tuula@gmail.com<br \/><strong>Other Accommodation Services:<\/strong><br \/>Iina Reponen<br \/>+358 40 568 6864<br \/>kartano@tiittalankartano.fi<\/p><p><strong>Traffic Management:<br \/><\/strong>Pertti Paunonen<br \/>+358 40 827 3952<br \/>perttiville@gmail.com<\/p>\t\t\t\t\t\t\t\t<\/div>\n\t\t\t\t<\/div>\n\t\t\t\t<\/div>\n\t\t<div class=\"elementor-element elementor-element-56eb2cb e-con-full e-flex e-con e-child\" data-id=\"56eb2cb\" data-element_type=\"container\" data-e-type=\"container\">\n\t\t\t\t<div class=\"elementor-element elementor-element-4936e9e elementor-widget elementor-widget-text-editor\" data-id=\"4936e9e\" data-element_type=\"widget\" data-e-type=\"widget\" data-widget_type=\"text-editor.default\">\n\t\t\t\t<div class=\"elementor-widget-container\">\n\t\t\t\t\t\t\t\t\t<p><b>Canteen Coordinator:<\/b><b><br \/><\/b>Sofia Lonka<br \/>+358 50 514 5965<br \/>kartano@tiittalankartano.fi<\/p><p><b>Safety Coordinator:<\/b><b><br \/><\/b>Mika Mutka<br \/>+358 50 381 6669<br \/>mika.mutka@tiittalankartano.fi<\/p><p><b>Cleaning Services:<\/b><b><br \/><\/b>Pete Busi<br \/>+358 500 938 080<br \/>pete.busi@gmail.com<\/p><p><b>Rowing Raffles:<\/b><b><br \/><\/b>Kaarina Virta<\/p><p><b>Rowing Fund:<\/b><b><br \/><\/b>Kaisa Miettinen<\/p><p><b>Support for Rowing Association:<\/b><b><br \/><\/b>Chairperson: Terhi-Maria Aurala<br \/>+358 50 514 5937<br \/>terhi-maria.aurala@tiittalankartano.fi<\/p>\t\t\t\t\t\t\t\t<\/div>\n\t\t\t\t<\/div>\n\t\t\t\t<\/div>\n\t\t\t\t\t<\/div>\n\t\t\t\t<\/div>\n\t\t\t\t<\/div>\n\t\t","protected":false},"excerpt":{"rendered":"<p>Customer Service: Tel. +358 10 579 3336info@suursoudut.fiAddress: Kirkkotie 140, 58700\u00a0Sulkava Event Venue Addresses: Rowing Stadium: Alanteentie 1, 58700 SulkavaVarviranta: Kiet\u00e4v\u00e4l\u00e4ntie 1699, 58720 Kaartilankoski Event Organization: Secretary General:Overall responsibility for the event, sales, and marketingTerhi-Maria Aurala+358 50 514 5937terhi-maria.aurala@tiittalankartano.fi Competition Manager:Responsible for competition mattersSulkava SocietyCompetition Manager: Heikki Joskitt+358 400 428 646heikki.joskitt@gmail.com Accommodation Coordinators:School Accommodation: Tuula Sorjonen+358 [&hellip;]<\/p>\n","protected":false},"author":1,"featured_media":3447,"parent":3474,"menu_order":13,"comment_status":"closed","ping_status":"closed","template":"","meta":{"footnotes":""},"class_list":["post-4184","page","type-page","status-publish","has-post-thumbnail","hentry"],"blocksy_meta":[],"yoast_head":"<!-- This site is optimized with the Yoast SEO plugin v27.4 - https:\/\/yoast.com\/product\/yoast-seo-wordpress\/ -->\n<title>Contact information - Sulkavan Suursoudut<\/title>\n<meta name=\"robots\" content=\"index, follow, max-snippet:-1, max-image-preview:large, max-video-preview:-1\" \/>\n<link rel=\"canonical\" href=\"https:\/\/www.suursoudut.fi\/en\/info\/contact-information\/\" \/>\n<meta property=\"og:locale\" content=\"en_US\" \/>\n<meta property=\"og:type\" content=\"article\" \/>\n<meta property=\"og:title\" content=\"Contact information - Sulkavan Suursoudut\" \/>\n<meta property=\"og:description\" content=\"Customer Service: Tel. +358 10 579 3336info@suursoudut.fiAddress: Kirkkotie 140, 58700\u00a0Sulkava Event Venue Addresses: Rowing Stadium: Alanteentie 1, 58700 SulkavaVarviranta: Kiet\u00e4v\u00e4l\u00e4ntie 1699, 58720 Kaartilankoski Event Organization: Secretary General:Overall responsibility for the event, sales, and marketingTerhi-Maria Aurala+358 50 514 5937terhi-maria.aurala@tiittalankartano.fi Competition Manager:Responsible for competition mattersSulkava SocietyCompetition Manager: Heikki Joskitt+358 400 428 646heikki.joskitt@gmail.com Accommodation Coordinators:School Accommodation: Tuula Sorjonen+358 [&hellip;]\" \/>\n<meta property=\"og:url\" content=\"https:\/\/www.suursoudut.fi\/en\/info\/contact-information\/\" \/>\n<meta property=\"og:site_name\" content=\"Sulkavan Suursoudut\" \/>\n<meta property=\"article:modified_time\" content=\"2025-07-10T09:53:58+00:00\" \/>\n<meta property=\"og:image\" content=\"https:\/\/www.suursoudut.fi\/wp-content\/uploads\/2024\/11\/Vekara-2.jpg\" \/>\n\t<meta property=\"og:image:width\" content=\"1920\" \/>\n\t<meta property=\"og:image:height\" content=\"1366\" \/>\n\t<meta property=\"og:image:type\" content=\"image\/jpeg\" \/>\n<meta name=\"twitter:card\" content=\"summary_large_image\" \/>\n<meta name=\"twitter:label1\" content=\"Est. reading time\" \/>\n\t<meta name=\"twitter:data1\" content=\"1 minute\" \/>\n<script type=\"application\/ld+json\" class=\"yoast-schema-graph\">{\"@context\":\"https:\\\/\\\/schema.org\",\"@graph\":[{\"@type\":\"WebPage\",\"@id\":\"https:\\\/\\\/www.suursoudut.fi\\\/en\\\/info\\\/contact-information\\\/\",\"url\":\"https:\\\/\\\/www.suursoudut.fi\\\/en\\\/info\\\/contact-information\\\/\",\"name\":\"Contact information - Sulkavan Suursoudut\",\"isPartOf\":{\"@id\":\"https:\\\/\\\/www.suursoudut.fi\\\/en\\\/#website\"},\"primaryImageOfPage\":{\"@id\":\"https:\\\/\\\/www.suursoudut.fi\\\/en\\\/info\\\/contact-information\\\/#primaryimage\"},\"image\":{\"@id\":\"https:\\\/\\\/www.suursoudut.fi\\\/en\\\/info\\\/contact-information\\\/#primaryimage\"},\"thumbnailUrl\":\"https:\\\/\\\/www.suursoudut.fi\\\/wp-content\\\/uploads\\\/2024\\\/11\\\/Vekara-2.jpg\",\"datePublished\":\"2024-11-07T18:43:56+00:00\",\"dateModified\":\"2025-07-10T09:53:58+00:00\",\"breadcrumb\":{\"@id\":\"https:\\\/\\\/www.suursoudut.fi\\\/en\\\/info\\\/contact-information\\\/#breadcrumb\"},\"inLanguage\":\"en-US\",\"potentialAction\":[{\"@type\":\"ReadAction\",\"target\":[\"https:\\\/\\\/www.suursoudut.fi\\\/en\\\/info\\\/contact-information\\\/\"]}]},{\"@type\":\"ImageObject\",\"inLanguage\":\"en-US\",\"@id\":\"https:\\\/\\\/www.suursoudut.fi\\\/en\\\/info\\\/contact-information\\\/#primaryimage\",\"url\":\"https:\\\/\\\/www.suursoudut.fi\\\/wp-content\\\/uploads\\\/2024\\\/11\\\/Vekara-2.jpg\",\"contentUrl\":\"https:\\\/\\\/www.suursoudut.fi\\\/wp-content\\\/uploads\\\/2024\\\/11\\\/Vekara-2.jpg\",\"width\":1920,\"height\":1366},{\"@type\":\"BreadcrumbList\",\"@id\":\"https:\\\/\\\/www.suursoudut.fi\\\/en\\\/info\\\/contact-information\\\/#breadcrumb\",\"itemListElement\":[{\"@type\":\"ListItem\",\"position\":1,\"name\":\"Etusivu\",\"item\":\"https:\\\/\\\/www.suursoudut.fi\\\/en\\\/\"},{\"@type\":\"ListItem\",\"position\":2,\"name\":\"Info\",\"item\":\"https:\\\/\\\/www.suursoudut.fi\\\/en\\\/info\\\/\"},{\"@type\":\"ListItem\",\"position\":3,\"name\":\"Contact information\"}]},{\"@type\":\"WebSite\",\"@id\":\"https:\\\/\\\/www.suursoudut.fi\\\/en\\\/#website\",\"url\":\"https:\\\/\\\/www.suursoudut.fi\\\/en\\\/\",\"name\":\"Sulkavan Suursoudut\",\"description\":\"Soutujuhla Saimaalla\",\"publisher\":{\"@id\":\"https:\\\/\\\/www.suursoudut.fi\\\/en\\\/#organization\"},\"potentialAction\":[{\"@type\":\"SearchAction\",\"target\":{\"@type\":\"EntryPoint\",\"urlTemplate\":\"https:\\\/\\\/www.suursoudut.fi\\\/en\\\/?s={search_term_string}\"},\"query-input\":{\"@type\":\"PropertyValueSpecification\",\"valueRequired\":true,\"valueName\":\"search_term_string\"}}],\"inLanguage\":\"en-US\"},{\"@type\":\"Organization\",\"@id\":\"https:\\\/\\\/www.suursoudut.fi\\\/en\\\/#organization\",\"name\":\"Sulkavan Suursoudut\",\"url\":\"https:\\\/\\\/www.suursoudut.fi\\\/en\\\/\",\"logo\":{\"@type\":\"ImageObject\",\"inLanguage\":\"en-US\",\"@id\":\"https:\\\/\\\/www.suursoudut.fi\\\/en\\\/#\\\/schema\\\/logo\\\/image\\\/\",\"url\":\"https:\\\/\\\/www.suursoudut.fi\\\/wp-content\\\/uploads\\\/2024\\\/10\\\/SulkavanSuursoudut.png\",\"contentUrl\":\"https:\\\/\\\/www.suursoudut.fi\\\/wp-content\\\/uploads\\\/2024\\\/10\\\/SulkavanSuursoudut.png\",\"width\":700,\"height\":186,\"caption\":\"Sulkavan Suursoudut\"},\"image\":{\"@id\":\"https:\\\/\\\/www.suursoudut.fi\\\/en\\\/#\\\/schema\\\/logo\\\/image\\\/\"}}]}<\/script>\n<!-- \/ Yoast SEO plugin. -->","yoast_head_json":{"title":"Contact information - Sulkavan Suursoudut","robots":{"index":"index","follow":"follow","max-snippet":"max-snippet:-1","max-image-preview":"max-image-preview:large","max-video-preview":"max-video-preview:-1"},"canonical":"https:\/\/www.suursoudut.fi\/en\/info\/contact-information\/","og_locale":"en_US","og_type":"article","og_title":"Contact information - Sulkavan Suursoudut","og_description":"Customer Service: Tel. +358 10 579 3336info@suursoudut.fiAddress: Kirkkotie 140, 58700\u00a0Sulkava Event Venue Addresses: Rowing Stadium: Alanteentie 1, 58700 SulkavaVarviranta: Kiet\u00e4v\u00e4l\u00e4ntie 1699, 58720 Kaartilankoski Event Organization: Secretary General:Overall responsibility for the event, sales, and marketingTerhi-Maria Aurala+358 50 514 5937terhi-maria.aurala@tiittalankartano.fi Competition Manager:Responsible for competition mattersSulkava SocietyCompetition Manager: Heikki Joskitt+358 400 428 646heikki.joskitt@gmail.com Accommodation Coordinators:School Accommodation: Tuula Sorjonen+358 [&hellip;]","og_url":"https:\/\/www.suursoudut.fi\/en\/info\/contact-information\/","og_site_name":"Sulkavan Suursoudut","article_modified_time":"2025-07-10T09:53:58+00:00","og_image":[{"width":1920,"height":1366,"url":"https:\/\/www.suursoudut.fi\/wp-content\/uploads\/2024\/11\/Vekara-2.jpg","type":"image\/jpeg"}],"twitter_card":"summary_large_image","twitter_misc":{"Est. reading time":"1 minute"},"schema":{"@context":"https:\/\/schema.org","@graph":[{"@type":"WebPage","@id":"https:\/\/www.suursoudut.fi\/en\/info\/contact-information\/","url":"https:\/\/www.suursoudut.fi\/en\/info\/contact-information\/","name":"Contact information - Sulkavan Suursoudut","isPartOf":{"@id":"https:\/\/www.suursoudut.fi\/en\/#website"},"primaryImageOfPage":{"@id":"https:\/\/www.suursoudut.fi\/en\/info\/contact-information\/#primaryimage"},"image":{"@id":"https:\/\/www.suursoudut.fi\/en\/info\/contact-information\/#primaryimage"},"thumbnailUrl":"https:\/\/www.suursoudut.fi\/wp-content\/uploads\/2024\/11\/Vekara-2.jpg","datePublished":"2024-11-07T18:43:56+00:00","dateModified":"2025-07-10T09:53:58+00:00","breadcrumb":{"@id":"https:\/\/www.suursoudut.fi\/en\/info\/contact-information\/#breadcrumb"},"inLanguage":"en-US","potentialAction":[{"@type":"ReadAction","target":["https:\/\/www.suursoudut.fi\/en\/info\/contact-information\/"]}]},{"@type":"ImageObject","inLanguage":"en-US","@id":"https:\/\/www.suursoudut.fi\/en\/info\/contact-information\/#primaryimage","url":"https:\/\/www.suursoudut.fi\/wp-content\/uploads\/2024\/11\/Vekara-2.jpg","contentUrl":"https:\/\/www.suursoudut.fi\/wp-content\/uploads\/2024\/11\/Vekara-2.jpg","width":1920,"height":1366},{"@type":"BreadcrumbList","@id":"https:\/\/www.suursoudut.fi\/en\/info\/contact-information\/#breadcrumb","itemListElement":[{"@type":"ListItem","position":1,"name":"Etusivu","item":"https:\/\/www.suursoudut.fi\/en\/"},{"@type":"ListItem","position":2,"name":"Info","item":"https:\/\/www.suursoudut.fi\/en\/info\/"},{"@type":"ListItem","position":3,"name":"Contact information"}]},{"@type":"WebSite","@id":"https:\/\/www.suursoudut.fi\/en\/#website","url":"https:\/\/www.suursoudut.fi\/en\/","name":"Sulkavan Suursoudut","description":"Soutujuhla Saimaalla","publisher":{"@id":"https:\/\/www.suursoudut.fi\/en\/#organization"},"potentialAction":[{"@type":"SearchAction","target":{"@type":"EntryPoint","urlTemplate":"https:\/\/www.suursoudut.fi\/en\/?s={search_term_string}"},"query-input":{"@type":"PropertyValueSpecification","valueRequired":true,"valueName":"search_term_string"}}],"inLanguage":"en-US"},{"@type":"Organization","@id":"https:\/\/www.suursoudut.fi\/en\/#organization","name":"Sulkavan Suursoudut","url":"https:\/\/www.suursoudut.fi\/en\/","logo":{"@type":"ImageObject","inLanguage":"en-US","@id":"https:\/\/www.suursoudut.fi\/en\/#\/schema\/logo\/image\/","url":"https:\/\/www.suursoudut.fi\/wp-content\/uploads\/2024\/10\/SulkavanSuursoudut.png","contentUrl":"https:\/\/www.suursoudut.fi\/wp-content\/uploads\/2024\/10\/SulkavanSuursoudut.png","width":700,"height":186,"caption":"Sulkavan Suursoudut"},"image":{"@id":"https:\/\/www.suursoudut.fi\/en\/#\/schema\/logo\/image\/"}}]}},"_links":{"self":[{"href":"https:\/\/www.suursoudut.fi\/en\/wp-json\/wp\/v2\/pages\/4184","targetHints":{"allow":["GET"]}}],"collection":[{"href":"https:\/\/www.suursoudut.fi\/en\/wp-json\/wp\/v2\/pages"}],"about":[{"href":"https:\/\/www.suursoudut.fi\/en\/wp-json\/wp\/v2\/types\/page"}],"author":[{"embeddable":true,"href":"https:\/\/www.suursoudut.fi\/en\/wp-json\/wp\/v2\/users\/1"}],"replies":[{"embeddable":true,"href":"https:\/\/www.suursoudut.fi\/en\/wp-json\/wp\/v2\/comments?post=4184"}],"version-history":[{"count":19,"href":"https:\/\/www.suursoudut.fi\/en\/wp-json\/wp\/v2\/pages\/4184\/revisions"}],"predecessor-version":[{"id":6882,"href":"https:\/\/www.suursoudut.fi\/en\/wp-json\/wp\/v2\/pages\/4184\/revisions\/6882"}],"up":[{"embeddable":true,"href":"https:\/\/www.suursoudut.fi\/en\/wp-json\/wp\/v2\/pages\/3474"}],"wp:featuredmedia":[{"embeddable":true,"href":"https:\/\/www.suursoudut.fi\/en\/wp-json\/wp\/v2\/media\/3447"}],"wp:attachment":[{"href":"https:\/\/www.suursoudut.fi\/en\/wp-json\/wp\/v2\/media?parent=4184"}],"curies":[{"name":"wp","href":"https:\/\/api.w.org\/{rel}","templated":true}]}}