{"id":4337,"date":"2025-01-02T16:04:44","date_gmt":"2025-01-02T16:04:44","guid":{"rendered":"https:\/\/www.suursoudut.fi\/?page_id=4337"},"modified":"2025-02-07T14:12:08","modified_gmt":"2025-02-07T14:12:08","slug":"payment-and-cancellation-terms","status":"publish","type":"page","link":"https:\/\/www.suursoudut.fi\/en\/participate\/price-list\/payment-and-cancellation-terms\/","title":{"rendered":"Payment and cancellation terms"},"content":{"rendered":"\t\t<div data-elementor-type=\"wp-page\" data-elementor-id=\"4337\" class=\"elementor elementor-4337\" data-elementor-post-type=\"page\">\n\t\t\t\t<div class=\"elementor-element elementor-element-96aeaa0 e-con-full e-flex e-con e-parent\" data-id=\"96aeaa0\" data-element_type=\"container\" data-e-type=\"container\" data-settings=\"{&quot;background_background&quot;:&quot;classic&quot;}\">\n\t\t\t\t<div class=\"elementor-element elementor-element-54fc299 elementor-widget elementor-widget-heading\" data-id=\"54fc299\" data-element_type=\"widget\" data-e-type=\"widget\" data-widget_type=\"heading.default\">\n\t\t\t\t<div class=\"elementor-widget-container\">\n\t\t\t\t\t<h1 class=\"elementor-heading-title elementor-size-default\">Payment and cancellation terms<\/h1>\t\t\t\t<\/div>\n\t\t\t\t<\/div>\n\t\t\t\t<\/div>\n\t\t<div class=\"elementor-element elementor-element-7c6a9ce e-flex e-con-boxed e-con e-parent\" data-id=\"7c6a9ce\" data-element_type=\"container\" data-e-type=\"container\">\n\t\t\t\t\t<div class=\"e-con-inner\">\n\t\t\t\t<div class=\"elementor-element elementor-element-e91537b elementor-widget elementor-widget-text-editor\" data-id=\"e91537b\" data-element_type=\"widget\" data-e-type=\"widget\" data-widget_type=\"text-editor.default\">\n\t\t\t\t<div class=\"elementor-widget-container\">\n\t\t\t\t\t\t\t\t\t<p><b>REGISTRATION<\/b><\/p>\n<p>Registration for the Suursoudut rowing event is done through the Starttiin.fi system. Information related to registration can be found <a href=\"https:\/\/www.suursoudut.fi\/osallistuminen\/ilmoittautuminen\/\"> here<\/a><\/p>\n<p><b>BINDING AND CANCELLATIONS<\/b><\/p>\n<p>Rowing registration is always binding, and the Suursoudut organization does not refund registration fees in the event of cancellation. If an individual rower cancels their participation, the participant\/team can transfer the registration to another person and must inform the organizers of the change in participants by June 30, 2025, via email at info@suursoudut.fi. The rowing exchange section on the www.suursoudut.fi website can also be used to find replacements for canceled participants. <a href=\"mailto:info@suursoudut.fi\">info@suursoudut.fi<\/a> . Peruuntuneiden soutajien etsinn\u00e4ss\u00e4 voi k\u00e4ytt\u00e4\u00e4 <a href=\"http:\/\/www.suursoudut.fi\">www.suursoudut.fi<\/a> sivustolla olevaa soutup\u00f6rssi\u00e4.<\/p>\n<p><b>PAYMENT<\/b><\/p>\n<p>The registration fee for the entire team must be paid at the time of registration. Accepted payment methods include:<\/p>\n<ul>\n<li aria-level=\"1\">Online banking payments<\/li>\n<li aria-level=\"1\">Card payments(Mastercard ja Visa)<\/li>\n<li aria-level=\"1\">Mobile payment options (Siirto.fi and MobilePay)<\/li>\n<\/ul>\n<p><b>DISCOUNT ELIGIBILITY <\/b><\/p>\n<p>Discount eligibility applies to the following:<\/p>\n<ul>\n<li aria-level=\"1\">Under 23 years old:<\/li>\n<\/ul>\n<p>The Anna-Liisa and Kauko Miettinen Fund allows free participation in Suursoudut for all under 23-year-olds. Free registration is available through the Starttiin.fi system for teams where all members are under 23 years old. In the discount field, enter the word <strong>free<\/strong>, and no fee will be charged. Age must be verified on-site at the time of registration. If under 23-year-olds are participating as part of an adult team, their participation fee must be paid in full during registration and will be refunded upon presenting a receipt. Submit the receipt and payment details to <a href=\"mailto:info@suursoudut.fi\">info@suursoudut.fi<\/a><\/p>\n<ul>\n<li aria-level=\"1\">Full-time students:<\/li>\n<\/ul>\n<p>Soutujen Tuki ry offers a 30% student discount for all full-time students. Discounted registration is available through the Starttiin.fi system for teams where all members are students. In the discount field, enter the word <strong>student<\/strong>, and the fee will be reduced by 30%.<\/p>\n<p>Proof of student status must be presented for all team members on-site during registration. If full-time students are participating as part of an adult team, their participation fee must be paid in full during registration, and the discount will be refunded upon presenting a receipt. Submit the receipt, a picture of your student ID, and payment details to <a href=\"mailto:info@suursoudut.fi\">info@suursoudut.fi<\/a><\/p>\n<p><b>ON-SITE REGISTRATION<\/b><\/p>\n<p>The team contact person\/registrant is responsible for reporting the team\u2019s arrival at the info desk. Upon registration, the contact person will collect all materials for the team and distribute them to the other members.<\/p>\n<p><b>ENTERTAINMENT AND CATERING SERVICE PURCHASES <\/b><\/p>\n<p>Entertainment and catering services for the Suursoudut event can be purchased in advance through the online store or on-site at the event. These services are not eligible for refund protection, but tickets can be transferred to another user.<\/p>\n<p><b>PAYMENT USING CULTURE AND SPORTS VOUCHERS <\/b><\/p>\n<p>Epassi and Edenred will become accepted payment methods starting in January 2025.<\/p>\n<p><b>FORCE MAJEURE <\/b><\/p>\n<p>A force majeure is an unforeseen event that prevents or makes it unreasonably difficult to organize the event within the given timeframe. Such events include war, rebellion, natural disaster, pandemic, widespread disruption in energy distribution, exceptionally extensive communication network failures, fire, strike, blockade, or any other cause beyond the control of the event organizer. In such cases, the organizer reserves the right to cancel the event, and registrations will automatically transfer to the following year.<\/p>\n<p><b>MAINTENANCE OF CUSTOMER REGISTERS AND DATA PROTECTION <\/b><\/p>\n<p>See\u00a0<a href=\"https:\/\/www.suursoudut.fi\/en\/info\/register-and-privacy-policy-statement\/\">the Privacy Statement page<\/a> for details.<\/p>\t\t\t\t\t\t\t\t<\/div>\n\t\t\t\t<\/div>\n\t\t\t\t\t<\/div>\n\t\t\t\t<\/div>\n\t\t\t\t<\/div>\n\t\t","protected":false},"excerpt":{"rendered":"<p>REGISTRATION Registration for the Suursoudut rowing event is done through the Starttiin.fi system. Information related to registration can be found here BINDING AND CANCELLATIONS Rowing registration is always binding, and the Suursoudut organization does not refund registration fees in the event of cancellation. If an individual rower cancels their participation, the participant\/team can transfer the [&hellip;]<\/p>\n","protected":false},"author":1,"featured_media":3446,"parent":4324,"menu_order":91,"comment_status":"closed","ping_status":"closed","template":"","meta":{"footnotes":""},"class_list":["post-4337","page","type-page","status-publish","has-post-thumbnail","hentry"],"blocksy_meta":{"page_structure_type":"type-4","styles_descriptor":{"styles":{"desktop":"","tablet":"","mobile":""},"google_fonts":[],"version":6}},"yoast_head":"<!-- This site is optimized with the Yoast SEO plugin v27.4 - https:\/\/yoast.com\/product\/yoast-seo-wordpress\/ -->\n<title>Payment and cancellation terms - Sulkavan Suursoudut<\/title>\n<meta name=\"robots\" content=\"index, follow, max-snippet:-1, max-image-preview:large, max-video-preview:-1\" \/>\n<link rel=\"canonical\" href=\"https:\/\/www.suursoudut.fi\/en\/participate\/price-list\/payment-and-cancellation-terms\/\" \/>\n<meta property=\"og:locale\" content=\"en_US\" \/>\n<meta property=\"og:type\" content=\"article\" \/>\n<meta property=\"og:title\" content=\"Payment and cancellation terms - Sulkavan Suursoudut\" \/>\n<meta property=\"og:description\" content=\"REGISTRATION Registration for the Suursoudut rowing event is done through the Starttiin.fi system. Information related to registration can be found here BINDING AND CANCELLATIONS Rowing registration is always binding, and the Suursoudut organization does not refund registration fees in the event of cancellation. If an individual rower cancels their participation, the participant\/team can transfer the [&hellip;]\" \/>\n<meta property=\"og:url\" content=\"https:\/\/www.suursoudut.fi\/en\/participate\/price-list\/payment-and-cancellation-terms\/\" \/>\n<meta property=\"og:site_name\" content=\"Sulkavan Suursoudut\" \/>\n<meta property=\"article:modified_time\" content=\"2025-02-07T14:12:08+00:00\" \/>\n<meta property=\"og:image\" content=\"https:\/\/www.suursoudut.fi\/wp-content\/uploads\/2024\/11\/uudistumme-header.jpg\" \/>\n\t<meta property=\"og:image:width\" content=\"1920\" \/>\n\t<meta property=\"og:image:height\" content=\"1280\" \/>\n\t<meta property=\"og:image:type\" content=\"image\/jpeg\" \/>\n<meta name=\"twitter:card\" content=\"summary_large_image\" \/>\n<meta name=\"twitter:label1\" content=\"Est. reading time\" \/>\n\t<meta name=\"twitter:data1\" content=\"4 minutes\" \/>\n<script type=\"application\/ld+json\" class=\"yoast-schema-graph\">{\"@context\":\"https:\\\/\\\/schema.org\",\"@graph\":[{\"@type\":\"WebPage\",\"@id\":\"https:\\\/\\\/www.suursoudut.fi\\\/en\\\/participate\\\/price-list\\\/payment-and-cancellation-terms\\\/\",\"url\":\"https:\\\/\\\/www.suursoudut.fi\\\/en\\\/participate\\\/price-list\\\/payment-and-cancellation-terms\\\/\",\"name\":\"Payment and cancellation terms - Sulkavan Suursoudut\",\"isPartOf\":{\"@id\":\"https:\\\/\\\/www.suursoudut.fi\\\/en\\\/#website\"},\"primaryImageOfPage\":{\"@id\":\"https:\\\/\\\/www.suursoudut.fi\\\/en\\\/participate\\\/price-list\\\/payment-and-cancellation-terms\\\/#primaryimage\"},\"image\":{\"@id\":\"https:\\\/\\\/www.suursoudut.fi\\\/en\\\/participate\\\/price-list\\\/payment-and-cancellation-terms\\\/#primaryimage\"},\"thumbnailUrl\":\"https:\\\/\\\/www.suursoudut.fi\\\/wp-content\\\/uploads\\\/2024\\\/11\\\/uudistumme-header.jpg\",\"datePublished\":\"2025-01-02T16:04:44+00:00\",\"dateModified\":\"2025-02-07T14:12:08+00:00\",\"breadcrumb\":{\"@id\":\"https:\\\/\\\/www.suursoudut.fi\\\/en\\\/participate\\\/price-list\\\/payment-and-cancellation-terms\\\/#breadcrumb\"},\"inLanguage\":\"en-US\",\"potentialAction\":[{\"@type\":\"ReadAction\",\"target\":[\"https:\\\/\\\/www.suursoudut.fi\\\/en\\\/participate\\\/price-list\\\/payment-and-cancellation-terms\\\/\"]}]},{\"@type\":\"ImageObject\",\"inLanguage\":\"en-US\",\"@id\":\"https:\\\/\\\/www.suursoudut.fi\\\/en\\\/participate\\\/price-list\\\/payment-and-cancellation-terms\\\/#primaryimage\",\"url\":\"https:\\\/\\\/www.suursoudut.fi\\\/wp-content\\\/uploads\\\/2024\\\/11\\\/uudistumme-header.jpg\",\"contentUrl\":\"https:\\\/\\\/www.suursoudut.fi\\\/wp-content\\\/uploads\\\/2024\\\/11\\\/uudistumme-header.jpg\",\"width\":1920,\"height\":1280},{\"@type\":\"BreadcrumbList\",\"@id\":\"https:\\\/\\\/www.suursoudut.fi\\\/en\\\/participate\\\/price-list\\\/payment-and-cancellation-terms\\\/#breadcrumb\",\"itemListElement\":[{\"@type\":\"ListItem\",\"position\":1,\"name\":\"Etusivu\",\"item\":\"https:\\\/\\\/www.suursoudut.fi\\\/en\\\/\"},{\"@type\":\"ListItem\",\"position\":2,\"name\":\"\u00a0Participate\",\"item\":\"https:\\\/\\\/www.suursoudut.fi\\\/en\\\/participate\\\/\"},{\"@type\":\"ListItem\",\"position\":3,\"name\":\"Payment and cancellation terms\"}]},{\"@type\":\"WebSite\",\"@id\":\"https:\\\/\\\/www.suursoudut.fi\\\/en\\\/#website\",\"url\":\"https:\\\/\\\/www.suursoudut.fi\\\/en\\\/\",\"name\":\"Sulkavan Suursoudut\",\"description\":\"Soutujuhla Saimaalla\",\"publisher\":{\"@id\":\"https:\\\/\\\/www.suursoudut.fi\\\/en\\\/#organization\"},\"potentialAction\":[{\"@type\":\"SearchAction\",\"target\":{\"@type\":\"EntryPoint\",\"urlTemplate\":\"https:\\\/\\\/www.suursoudut.fi\\\/en\\\/?s={search_term_string}\"},\"query-input\":{\"@type\":\"PropertyValueSpecification\",\"valueRequired\":true,\"valueName\":\"search_term_string\"}}],\"inLanguage\":\"en-US\"},{\"@type\":\"Organization\",\"@id\":\"https:\\\/\\\/www.suursoudut.fi\\\/en\\\/#organization\",\"name\":\"Sulkavan Suursoudut\",\"url\":\"https:\\\/\\\/www.suursoudut.fi\\\/en\\\/\",\"logo\":{\"@type\":\"ImageObject\",\"inLanguage\":\"en-US\",\"@id\":\"https:\\\/\\\/www.suursoudut.fi\\\/en\\\/#\\\/schema\\\/logo\\\/image\\\/\",\"url\":\"https:\\\/\\\/www.suursoudut.fi\\\/wp-content\\\/uploads\\\/2024\\\/10\\\/SulkavanSuursoudut.png\",\"contentUrl\":\"https:\\\/\\\/www.suursoudut.fi\\\/wp-content\\\/uploads\\\/2024\\\/10\\\/SulkavanSuursoudut.png\",\"width\":700,\"height\":186,\"caption\":\"Sulkavan Suursoudut\"},\"image\":{\"@id\":\"https:\\\/\\\/www.suursoudut.fi\\\/en\\\/#\\\/schema\\\/logo\\\/image\\\/\"}}]}<\/script>\n<!-- \/ Yoast SEO plugin. -->","yoast_head_json":{"title":"Payment and cancellation terms - Sulkavan Suursoudut","robots":{"index":"index","follow":"follow","max-snippet":"max-snippet:-1","max-image-preview":"max-image-preview:large","max-video-preview":"max-video-preview:-1"},"canonical":"https:\/\/www.suursoudut.fi\/en\/participate\/price-list\/payment-and-cancellation-terms\/","og_locale":"en_US","og_type":"article","og_title":"Payment and cancellation terms - Sulkavan Suursoudut","og_description":"REGISTRATION Registration for the Suursoudut rowing event is done through the Starttiin.fi system. Information related to registration can be found here BINDING AND CANCELLATIONS Rowing registration is always binding, and the Suursoudut organization does not refund registration fees in the event of cancellation. If an individual rower cancels their participation, the participant\/team can transfer the [&hellip;]","og_url":"https:\/\/www.suursoudut.fi\/en\/participate\/price-list\/payment-and-cancellation-terms\/","og_site_name":"Sulkavan Suursoudut","article_modified_time":"2025-02-07T14:12:08+00:00","og_image":[{"width":1920,"height":1280,"url":"https:\/\/www.suursoudut.fi\/wp-content\/uploads\/2024\/11\/uudistumme-header.jpg","type":"image\/jpeg"}],"twitter_card":"summary_large_image","twitter_misc":{"Est. reading time":"4 minutes"},"schema":{"@context":"https:\/\/schema.org","@graph":[{"@type":"WebPage","@id":"https:\/\/www.suursoudut.fi\/en\/participate\/price-list\/payment-and-cancellation-terms\/","url":"https:\/\/www.suursoudut.fi\/en\/participate\/price-list\/payment-and-cancellation-terms\/","name":"Payment and cancellation terms - Sulkavan Suursoudut","isPartOf":{"@id":"https:\/\/www.suursoudut.fi\/en\/#website"},"primaryImageOfPage":{"@id":"https:\/\/www.suursoudut.fi\/en\/participate\/price-list\/payment-and-cancellation-terms\/#primaryimage"},"image":{"@id":"https:\/\/www.suursoudut.fi\/en\/participate\/price-list\/payment-and-cancellation-terms\/#primaryimage"},"thumbnailUrl":"https:\/\/www.suursoudut.fi\/wp-content\/uploads\/2024\/11\/uudistumme-header.jpg","datePublished":"2025-01-02T16:04:44+00:00","dateModified":"2025-02-07T14:12:08+00:00","breadcrumb":{"@id":"https:\/\/www.suursoudut.fi\/en\/participate\/price-list\/payment-and-cancellation-terms\/#breadcrumb"},"inLanguage":"en-US","potentialAction":[{"@type":"ReadAction","target":["https:\/\/www.suursoudut.fi\/en\/participate\/price-list\/payment-and-cancellation-terms\/"]}]},{"@type":"ImageObject","inLanguage":"en-US","@id":"https:\/\/www.suursoudut.fi\/en\/participate\/price-list\/payment-and-cancellation-terms\/#primaryimage","url":"https:\/\/www.suursoudut.fi\/wp-content\/uploads\/2024\/11\/uudistumme-header.jpg","contentUrl":"https:\/\/www.suursoudut.fi\/wp-content\/uploads\/2024\/11\/uudistumme-header.jpg","width":1920,"height":1280},{"@type":"BreadcrumbList","@id":"https:\/\/www.suursoudut.fi\/en\/participate\/price-list\/payment-and-cancellation-terms\/#breadcrumb","itemListElement":[{"@type":"ListItem","position":1,"name":"Etusivu","item":"https:\/\/www.suursoudut.fi\/en\/"},{"@type":"ListItem","position":2,"name":"\u00a0Participate","item":"https:\/\/www.suursoudut.fi\/en\/participate\/"},{"@type":"ListItem","position":3,"name":"Payment and cancellation terms"}]},{"@type":"WebSite","@id":"https:\/\/www.suursoudut.fi\/en\/#website","url":"https:\/\/www.suursoudut.fi\/en\/","name":"Sulkavan Suursoudut","description":"Soutujuhla Saimaalla","publisher":{"@id":"https:\/\/www.suursoudut.fi\/en\/#organization"},"potentialAction":[{"@type":"SearchAction","target":{"@type":"EntryPoint","urlTemplate":"https:\/\/www.suursoudut.fi\/en\/?s={search_term_string}"},"query-input":{"@type":"PropertyValueSpecification","valueRequired":true,"valueName":"search_term_string"}}],"inLanguage":"en-US"},{"@type":"Organization","@id":"https:\/\/www.suursoudut.fi\/en\/#organization","name":"Sulkavan Suursoudut","url":"https:\/\/www.suursoudut.fi\/en\/","logo":{"@type":"ImageObject","inLanguage":"en-US","@id":"https:\/\/www.suursoudut.fi\/en\/#\/schema\/logo\/image\/","url":"https:\/\/www.suursoudut.fi\/wp-content\/uploads\/2024\/10\/SulkavanSuursoudut.png","contentUrl":"https:\/\/www.suursoudut.fi\/wp-content\/uploads\/2024\/10\/SulkavanSuursoudut.png","width":700,"height":186,"caption":"Sulkavan Suursoudut"},"image":{"@id":"https:\/\/www.suursoudut.fi\/en\/#\/schema\/logo\/image\/"}}]}},"_links":{"self":[{"href":"https:\/\/www.suursoudut.fi\/en\/wp-json\/wp\/v2\/pages\/4337","targetHints":{"allow":["GET"]}}],"collection":[{"href":"https:\/\/www.suursoudut.fi\/en\/wp-json\/wp\/v2\/pages"}],"about":[{"href":"https:\/\/www.suursoudut.fi\/en\/wp-json\/wp\/v2\/types\/page"}],"author":[{"embeddable":true,"href":"https:\/\/www.suursoudut.fi\/en\/wp-json\/wp\/v2\/users\/1"}],"replies":[{"embeddable":true,"href":"https:\/\/www.suursoudut.fi\/en\/wp-json\/wp\/v2\/comments?post=4337"}],"version-history":[{"count":5,"href":"https:\/\/www.suursoudut.fi\/en\/wp-json\/wp\/v2\/pages\/4337\/revisions"}],"predecessor-version":[{"id":4343,"href":"https:\/\/www.suursoudut.fi\/en\/wp-json\/wp\/v2\/pages\/4337\/revisions\/4343"}],"up":[{"embeddable":true,"href":"https:\/\/www.suursoudut.fi\/en\/wp-json\/wp\/v2\/pages\/4324"}],"wp:featuredmedia":[{"embeddable":true,"href":"https:\/\/www.suursoudut.fi\/en\/wp-json\/wp\/v2\/media\/3446"}],"wp:attachment":[{"href":"https:\/\/www.suursoudut.fi\/en\/wp-json\/wp\/v2\/media?parent=4337"}],"curies":[{"name":"wp","href":"https:\/\/api.w.org\/{rel}","templated":true}]}}