{"id":4467,"date":"2024-10-28T21:03:19","date_gmt":"2024-10-28T21:03:19","guid":{"rendered":"https:\/\/www.suursoudut.fi\/?page_id=4467"},"modified":"2025-07-14T17:04:24","modified_gmt":"2025-07-14T17:04:24","slug":"number-of-rowers-and-protectors-of-the-rowing-events","status":"publish","type":"page","link":"https:\/\/www.suursoudut.fi\/en\/rowing-history-2\/number-of-rowers-and-protectors-of-the-rowing-events\/","title":{"rendered":"Number of rowers and protectors of the rowing events"},"content":{"rendered":"\t\t<div data-elementor-type=\"wp-page\" data-elementor-id=\"4467\" class=\"elementor elementor-4467\" data-elementor-post-type=\"page\">\n\t\t\t\t<div class=\"elementor-element elementor-element-819604c e-con-full e-flex e-con e-parent\" data-id=\"819604c\" data-element_type=\"container\" data-e-type=\"container\" data-settings=\"{&quot;background_background&quot;:&quot;classic&quot;}\">\n\t\t\t\t<div class=\"elementor-element elementor-element-56bfb925 elementor-widget elementor-widget-heading\" data-id=\"56bfb925\" data-element_type=\"widget\" data-e-type=\"widget\" data-widget_type=\"heading.default\">\n\t\t\t\t<div class=\"elementor-widget-container\">\n\t\t\t\t\t<h1 class=\"elementor-heading-title elementor-size-default\">Number of rowers and protectors of the rowing events<\/h1>\t\t\t\t<\/div>\n\t\t\t\t<\/div>\n\t\t\t\t<\/div>\n\t\t<div class=\"elementor-element elementor-element-3b6e4a9 e-flex e-con-boxed e-con e-parent\" data-id=\"3b6e4a9\" data-element_type=\"container\" data-e-type=\"container\">\n\t\t\t\t\t<div class=\"e-con-inner\">\n\t\t\t\t<div class=\"elementor-element elementor-element-931caab elementor-widget elementor-widget-heading\" data-id=\"931caab\" data-element_type=\"widget\" data-e-type=\"widget\" data-widget_type=\"heading.default\">\n\t\t\t\t<div class=\"elementor-widget-container\">\n\t\t\t\t\t<h2 class=\"elementor-heading-title elementor-size-default\">Number of rowers throughout history<\/h2>\t\t\t\t<\/div>\n\t\t\t\t<\/div>\n\t\t\t\t<div class=\"elementor-element elementor-element-ef18418 elementor-widget elementor-widget-text-editor\" data-id=\"ef18418\" data-element_type=\"widget\" data-e-type=\"widget\" data-widget_type=\"text-editor.default\">\n\t\t\t\t<div class=\"elementor-widget-container\">\n\t\t\t\t\t\t\t\t\t<p>yr. 1968<strong> 36<br \/><\/strong>yr. 1969 <strong>87<\/strong><br \/>yr. 1970 <strong>123<\/strong><br \/>yr. 1971 <strong>151<\/strong><br \/>yr. 1972 <strong>175<\/strong><br \/>yr. 1973 <strong>192<\/strong><br \/>yr. 1974 <strong>202<\/strong><br \/>yr. 1975 <strong>212<\/strong><br \/>yr. 1976 <strong>336<\/strong><br \/>yr. 1977 <strong>576<\/strong><br \/>yr. 1978 <strong>702<\/strong><br \/>yr. 1979 <strong>838<\/strong><br \/>yr. 1980 <strong>1033<\/strong><br \/>yr. 1981 <strong>1349<\/strong><br \/>yr. 1982 <strong>1572<\/strong><br \/>yr. 1983 <strong>1852<\/strong><br \/>yr. 1984 <strong>2070<\/strong><br \/>yr. 1985 <strong>2306<\/strong><br \/>yr. 1986 <strong>2431<\/strong><br \/>yr. 1987 <strong>2841<\/strong><br \/>yr. 1988 <strong>2611<\/strong><br \/>yr. 1989 <strong>3078<\/strong><br \/>yr. 1990 <strong>3805<\/strong><br \/>yr. 1991 <strong>4255<\/strong><br \/>yr. 1992 <strong>5099<\/strong><br \/>yr. 1993 <strong>5626<\/strong><br \/>yr. 1994 <strong>5943<\/strong><br \/>yr. 1995 <strong>6604<\/strong><br \/>yr. 1996 <strong>7436<\/strong><br \/>yr. 1997 <strong>8101<\/strong><br \/>yr. 1998 <strong>9120<\/strong><br \/>yr. 1999 <strong>9457<\/strong><br \/>yr. 2000 <strong>9525<\/strong><br \/>yr. 2001 <strong>10069<\/strong><br \/>yr. 2002 <strong>10172<\/strong><br \/>yr. 2003 <strong>10224<\/strong><br \/>yr. 2004 <strong>9475<\/strong><br \/>yr. 2005 <strong>8900<\/strong><br \/>yr. 2006 <strong>8526<\/strong><br \/>yr. 2007 <strong>8452<\/strong><br \/>yr. 2008 <strong>7955<\/strong><br \/>yr. 2009 <strong>7352<\/strong><br \/>yr. 2010 <strong>7310<\/strong><br \/>yr. 2011 <strong>6539<\/strong><br \/>yr. 2012 <strong>5828<\/strong><br \/>yr. 2013 <strong>5546<\/strong><br \/>yr. 2014 <strong>5242<\/strong><br \/>yr. 2015 <strong>4903<\/strong><br \/>yr. 2016 <strong>4048<\/strong><br \/>yr. 2017 <strong>4302<\/strong><br \/>yr. 2018 <strong>3720<\/strong><br \/>yr. 2019 <strong>3400<\/strong><br \/>yr. 2020 &#8211;<br \/>yr. 2021 <strong>1614<\/strong><br \/>yr. 2022 <strong>2016<\/strong><br \/>yr. 2023 <strong>1992<\/strong><br \/>yr. 2024 <strong>1720<br \/><\/strong>yr. 2025 <strong>2111<\/strong><\/p>\t\t\t\t\t\t\t\t<\/div>\n\t\t\t\t<\/div>\n\t\t\t\t\t<\/div>\n\t\t\t\t<\/div>\n\t\t<div class=\"elementor-element elementor-element-df70c6b e-flex e-con-boxed e-con e-parent\" data-id=\"df70c6b\" data-element_type=\"container\" data-e-type=\"container\">\n\t\t\t\t\t<div class=\"e-con-inner\">\n\t\t\t\t<div class=\"elementor-element elementor-element-5b567d1 elementor-widget elementor-widget-heading\" data-id=\"5b567d1\" data-element_type=\"widget\" data-e-type=\"widget\" data-widget_type=\"heading.default\">\n\t\t\t\t<div class=\"elementor-widget-container\">\n\t\t\t\t\t<h2 class=\"elementor-heading-title elementor-size-default\">Protectors of the Rowing Events from 1991 onwards\n<\/h2>\t\t\t\t<\/div>\n\t\t\t\t<\/div>\n\t\t\t\t<div class=\"elementor-element elementor-element-f743dea elementor-widget elementor-widget-text-editor\" data-id=\"f743dea\" data-element_type=\"widget\" data-e-type=\"widget\" data-widget_type=\"text-editor.default\">\n\t\t\t\t<div class=\"elementor-widget-container\">\n\t\t\t\t\t\t\t\t\t<p>yr.\u00a0 1991\u00a0 J.Juhani Kortessalmi<br \/>yr.\u00a0 1992\u00a0 Mauno Koivisto<br \/>yr.\u00a0 1993\u00a0 Pertti Karppinen<br \/>yr.\u00a0 1994\u00a0 Mikko Kolehmainen<br \/>yr.\u00a0 1995\u00a0 Kirsti Soini<br \/>yr.\u00a0 1996\u00a0 Ky\u00f6sti Vesterinen<br \/>yr.\u00a0 1997\u00a0 Martti Ahtisaari<br \/>yr.\u00a0 1998\u00a0 Pirjo Ala-Kapee<br \/>yr.\u00a0 1999\u00a0 Pirjo Ala-Kapee<br \/>yr.\u00a0 2000\u00a0 Pirjo Ala-Kapee<br \/>yr.\u00a0 2001\u00a0 Pirjo Ala-Kapee<br \/>yr.\u00a0 2002\u00a0 Pirjo Ala-Kapee<br \/>yr.\u00a0 2003\u00a0 Pirjo Ala-Kapee<br \/>yr.\u00a0 2004\u00a0 Pirjo Ala-Kapee<br \/>yr.\u00a0 2005\u00a0 Pirjo Ala-Kapee<br \/>yr.\u00a0 2006\u00a0 Pirjo Ala-Kapee<br \/>yr.\u00a0 2007\u00a0 Tarja Halonen<br \/>yr.\u00a0 2008\u00a0 Pirjo Ala-Kapee<br \/>yr.\u00a0 2009\u00a0 Pirjo Ala-Kapee<br \/>yr.\u00a0 2010\u00a0 Matti Viialainen<br \/>yr.\u00a0 2011\u00a0 Minna Nieminen<br \/>yr.\u00a0 2012\u00a0 Jan-Erik Enestam<br \/>yr.\u00a0 2013\u00a0 Kimmo Ohtonen<br \/>yr.\u00a0 2014\u00a0 Elli Aaltonen<br \/>yr.\u00a0 2015\u00a0 Alexander Stubb<br \/>yr.\u00a0 2016\u00a0 Sanni Grahn-Laasonen<br \/>yr.\u00a0 2017\u00a0 Sauli Niinist\u00f6<br \/>yr.\u00a0 2018\u00a0 Pentti M\u00e4kinen<br \/>yr.\u00a0 2019\u00a0 Kaisa Miettinen<br \/>yr.\u00a0 2020\u00a0 &#8211;<br \/>yr.\u00a0 2021\u00a0 Tero Tiitu<br \/>yr.\u00a0 2022\u00a0 Mikko \u201dPeltsi\u201d Peltonen<br \/>yr.\u00a0 2023\u00a0 Juho J\u00e4rvenp\u00e4\u00e4<br \/>yr.\u00a0 2024\u00a0 Jari Saario<br \/>yr. 2025\u00a0 Jani Halme<\/p>\t\t\t\t\t\t\t\t<\/div>\n\t\t\t\t<\/div>\n\t\t\t\t\t<\/div>\n\t\t\t\t<\/div>\n\t\t\t\t<\/div>\n\t\t","protected":false},"excerpt":{"rendered":"<p>Number of rowers throughout history yr. 1968 36yr. 1969 87yr. 1970 123yr. 1971 151yr. 1972 175yr. 1973 192yr. 1974 202yr. 1975 212yr. 1976 336yr. 1977 576yr. 1978 702yr. 1979 838yr. 1980 1033yr. 1981 1349yr. 1982 1572yr. 1983 1852yr. 1984 2070yr. 1985 2306yr. 1986 2431yr. 1987 2841yr. 1988 2611yr. 1989 3078yr. 1990 3805yr. 1991 4255yr. 1992 [&hellip;]<\/p>\n","protected":false},"author":1,"featured_media":3400,"parent":4847,"menu_order":61,"comment_status":"closed","ping_status":"closed","template":"","meta":{"footnotes":""},"class_list":["post-4467","page","type-page","status-publish","has-post-thumbnail","hentry"],"blocksy_meta":[],"yoast_head":"<!-- This site is optimized with the Yoast SEO plugin v27.4 - https:\/\/yoast.com\/product\/yoast-seo-wordpress\/ -->\n<title>Number of rowers and protectors of the rowing events - Sulkavan Suursoudut<\/title>\n<meta name=\"robots\" content=\"index, follow, max-snippet:-1, max-image-preview:large, max-video-preview:-1\" \/>\n<link rel=\"canonical\" href=\"https:\/\/www.suursoudut.fi\/en\/rowing-history-2\/number-of-rowers-and-protectors-of-the-rowing-events\/\" \/>\n<meta property=\"og:locale\" content=\"en_US\" \/>\n<meta property=\"og:type\" content=\"article\" \/>\n<meta property=\"og:title\" content=\"Number of rowers and protectors of the rowing events - Sulkavan Suursoudut\" \/>\n<meta property=\"og:description\" content=\"Number of rowers throughout history yr. 1968 36yr. 1969 87yr. 1970 123yr. 1971 151yr. 1972 175yr. 1973 192yr. 1974 202yr. 1975 212yr. 1976 336yr. 1977 576yr. 1978 702yr. 1979 838yr. 1980 1033yr. 1981 1349yr. 1982 1572yr. 1983 1852yr. 1984 2070yr. 1985 2306yr. 1986 2431yr. 1987 2841yr. 1988 2611yr. 1989 3078yr. 1990 3805yr. 1991 4255yr. 1992 [&hellip;]\" \/>\n<meta property=\"og:url\" content=\"https:\/\/www.suursoudut.fi\/en\/rowing-history-2\/number-of-rowers-and-protectors-of-the-rowing-events\/\" \/>\n<meta property=\"og:site_name\" content=\"Sulkavan Suursoudut\" \/>\n<meta property=\"article:modified_time\" content=\"2025-07-14T17:04:24+00:00\" \/>\n<meta property=\"og:image\" content=\"https:\/\/www.suursoudut.fi\/wp-content\/uploads\/2024\/10\/soutajamaarat.jpg\" \/>\n\t<meta property=\"og:image:width\" content=\"1920\" \/>\n\t<meta property=\"og:image:height\" content=\"1280\" \/>\n\t<meta property=\"og:image:type\" content=\"image\/jpeg\" \/>\n<meta name=\"twitter:card\" content=\"summary_large_image\" \/>\n<meta name=\"twitter:label1\" content=\"Est. reading time\" \/>\n\t<meta name=\"twitter:data1\" content=\"3 minutes\" \/>\n<script type=\"application\/ld+json\" class=\"yoast-schema-graph\">{\"@context\":\"https:\\\/\\\/schema.org\",\"@graph\":[{\"@type\":\"WebPage\",\"@id\":\"https:\\\/\\\/www.suursoudut.fi\\\/en\\\/rowing-history-2\\\/number-of-rowers-and-protectors-of-the-rowing-events\\\/\",\"url\":\"https:\\\/\\\/www.suursoudut.fi\\\/en\\\/rowing-history-2\\\/number-of-rowers-and-protectors-of-the-rowing-events\\\/\",\"name\":\"Number of rowers and protectors of the rowing events - Sulkavan Suursoudut\",\"isPartOf\":{\"@id\":\"https:\\\/\\\/www.suursoudut.fi\\\/en\\\/#website\"},\"primaryImageOfPage\":{\"@id\":\"https:\\\/\\\/www.suursoudut.fi\\\/en\\\/rowing-history-2\\\/number-of-rowers-and-protectors-of-the-rowing-events\\\/#primaryimage\"},\"image\":{\"@id\":\"https:\\\/\\\/www.suursoudut.fi\\\/en\\\/rowing-history-2\\\/number-of-rowers-and-protectors-of-the-rowing-events\\\/#primaryimage\"},\"thumbnailUrl\":\"https:\\\/\\\/www.suursoudut.fi\\\/wp-content\\\/uploads\\\/2024\\\/10\\\/soutajamaarat.jpg\",\"datePublished\":\"2024-10-28T21:03:19+00:00\",\"dateModified\":\"2025-07-14T17:04:24+00:00\",\"breadcrumb\":{\"@id\":\"https:\\\/\\\/www.suursoudut.fi\\\/en\\\/rowing-history-2\\\/number-of-rowers-and-protectors-of-the-rowing-events\\\/#breadcrumb\"},\"inLanguage\":\"en-US\",\"potentialAction\":[{\"@type\":\"ReadAction\",\"target\":[\"https:\\\/\\\/www.suursoudut.fi\\\/en\\\/rowing-history-2\\\/number-of-rowers-and-protectors-of-the-rowing-events\\\/\"]}]},{\"@type\":\"ImageObject\",\"inLanguage\":\"en-US\",\"@id\":\"https:\\\/\\\/www.suursoudut.fi\\\/en\\\/rowing-history-2\\\/number-of-rowers-and-protectors-of-the-rowing-events\\\/#primaryimage\",\"url\":\"https:\\\/\\\/www.suursoudut.fi\\\/wp-content\\\/uploads\\\/2024\\\/10\\\/soutajamaarat.jpg\",\"contentUrl\":\"https:\\\/\\\/www.suursoudut.fi\\\/wp-content\\\/uploads\\\/2024\\\/10\\\/soutajamaarat.jpg\",\"width\":1920,\"height\":1280},{\"@type\":\"BreadcrumbList\",\"@id\":\"https:\\\/\\\/www.suursoudut.fi\\\/en\\\/rowing-history-2\\\/number-of-rowers-and-protectors-of-the-rowing-events\\\/#breadcrumb\",\"itemListElement\":[{\"@type\":\"ListItem\",\"position\":1,\"name\":\"Etusivu\",\"item\":\"https:\\\/\\\/www.suursoudut.fi\\\/en\\\/\"},{\"@type\":\"ListItem\",\"position\":2,\"name\":\"Rowing history\",\"item\":\"https:\\\/\\\/www.suursoudut.fi\\\/en\\\/rowing-history-2\\\/\"},{\"@type\":\"ListItem\",\"position\":3,\"name\":\"Number of rowers and protectors of the rowing events\"}]},{\"@type\":\"WebSite\",\"@id\":\"https:\\\/\\\/www.suursoudut.fi\\\/en\\\/#website\",\"url\":\"https:\\\/\\\/www.suursoudut.fi\\\/en\\\/\",\"name\":\"Sulkavan Suursoudut\",\"description\":\"Soutujuhla Saimaalla\",\"publisher\":{\"@id\":\"https:\\\/\\\/www.suursoudut.fi\\\/en\\\/#organization\"},\"potentialAction\":[{\"@type\":\"SearchAction\",\"target\":{\"@type\":\"EntryPoint\",\"urlTemplate\":\"https:\\\/\\\/www.suursoudut.fi\\\/en\\\/?s={search_term_string}\"},\"query-input\":{\"@type\":\"PropertyValueSpecification\",\"valueRequired\":true,\"valueName\":\"search_term_string\"}}],\"inLanguage\":\"en-US\"},{\"@type\":\"Organization\",\"@id\":\"https:\\\/\\\/www.suursoudut.fi\\\/en\\\/#organization\",\"name\":\"Sulkavan Suursoudut\",\"url\":\"https:\\\/\\\/www.suursoudut.fi\\\/en\\\/\",\"logo\":{\"@type\":\"ImageObject\",\"inLanguage\":\"en-US\",\"@id\":\"https:\\\/\\\/www.suursoudut.fi\\\/en\\\/#\\\/schema\\\/logo\\\/image\\\/\",\"url\":\"https:\\\/\\\/www.suursoudut.fi\\\/wp-content\\\/uploads\\\/2024\\\/10\\\/SulkavanSuursoudut.png\",\"contentUrl\":\"https:\\\/\\\/www.suursoudut.fi\\\/wp-content\\\/uploads\\\/2024\\\/10\\\/SulkavanSuursoudut.png\",\"width\":700,\"height\":186,\"caption\":\"Sulkavan Suursoudut\"},\"image\":{\"@id\":\"https:\\\/\\\/www.suursoudut.fi\\\/en\\\/#\\\/schema\\\/logo\\\/image\\\/\"}}]}<\/script>\n<!-- \/ Yoast SEO plugin. -->","yoast_head_json":{"title":"Number of rowers and protectors of the rowing events - Sulkavan Suursoudut","robots":{"index":"index","follow":"follow","max-snippet":"max-snippet:-1","max-image-preview":"max-image-preview:large","max-video-preview":"max-video-preview:-1"},"canonical":"https:\/\/www.suursoudut.fi\/en\/rowing-history-2\/number-of-rowers-and-protectors-of-the-rowing-events\/","og_locale":"en_US","og_type":"article","og_title":"Number of rowers and protectors of the rowing events - Sulkavan Suursoudut","og_description":"Number of rowers throughout history yr. 1968 36yr. 1969 87yr. 1970 123yr. 1971 151yr. 1972 175yr. 1973 192yr. 1974 202yr. 1975 212yr. 1976 336yr. 1977 576yr. 1978 702yr. 1979 838yr. 1980 1033yr. 1981 1349yr. 1982 1572yr. 1983 1852yr. 1984 2070yr. 1985 2306yr. 1986 2431yr. 1987 2841yr. 1988 2611yr. 1989 3078yr. 1990 3805yr. 1991 4255yr. 1992 [&hellip;]","og_url":"https:\/\/www.suursoudut.fi\/en\/rowing-history-2\/number-of-rowers-and-protectors-of-the-rowing-events\/","og_site_name":"Sulkavan Suursoudut","article_modified_time":"2025-07-14T17:04:24+00:00","og_image":[{"width":1920,"height":1280,"url":"https:\/\/www.suursoudut.fi\/wp-content\/uploads\/2024\/10\/soutajamaarat.jpg","type":"image\/jpeg"}],"twitter_card":"summary_large_image","twitter_misc":{"Est. reading time":"3 minutes"},"schema":{"@context":"https:\/\/schema.org","@graph":[{"@type":"WebPage","@id":"https:\/\/www.suursoudut.fi\/en\/rowing-history-2\/number-of-rowers-and-protectors-of-the-rowing-events\/","url":"https:\/\/www.suursoudut.fi\/en\/rowing-history-2\/number-of-rowers-and-protectors-of-the-rowing-events\/","name":"Number of rowers and protectors of the rowing events - Sulkavan Suursoudut","isPartOf":{"@id":"https:\/\/www.suursoudut.fi\/en\/#website"},"primaryImageOfPage":{"@id":"https:\/\/www.suursoudut.fi\/en\/rowing-history-2\/number-of-rowers-and-protectors-of-the-rowing-events\/#primaryimage"},"image":{"@id":"https:\/\/www.suursoudut.fi\/en\/rowing-history-2\/number-of-rowers-and-protectors-of-the-rowing-events\/#primaryimage"},"thumbnailUrl":"https:\/\/www.suursoudut.fi\/wp-content\/uploads\/2024\/10\/soutajamaarat.jpg","datePublished":"2024-10-28T21:03:19+00:00","dateModified":"2025-07-14T17:04:24+00:00","breadcrumb":{"@id":"https:\/\/www.suursoudut.fi\/en\/rowing-history-2\/number-of-rowers-and-protectors-of-the-rowing-events\/#breadcrumb"},"inLanguage":"en-US","potentialAction":[{"@type":"ReadAction","target":["https:\/\/www.suursoudut.fi\/en\/rowing-history-2\/number-of-rowers-and-protectors-of-the-rowing-events\/"]}]},{"@type":"ImageObject","inLanguage":"en-US","@id":"https:\/\/www.suursoudut.fi\/en\/rowing-history-2\/number-of-rowers-and-protectors-of-the-rowing-events\/#primaryimage","url":"https:\/\/www.suursoudut.fi\/wp-content\/uploads\/2024\/10\/soutajamaarat.jpg","contentUrl":"https:\/\/www.suursoudut.fi\/wp-content\/uploads\/2024\/10\/soutajamaarat.jpg","width":1920,"height":1280},{"@type":"BreadcrumbList","@id":"https:\/\/www.suursoudut.fi\/en\/rowing-history-2\/number-of-rowers-and-protectors-of-the-rowing-events\/#breadcrumb","itemListElement":[{"@type":"ListItem","position":1,"name":"Etusivu","item":"https:\/\/www.suursoudut.fi\/en\/"},{"@type":"ListItem","position":2,"name":"Rowing history","item":"https:\/\/www.suursoudut.fi\/en\/rowing-history-2\/"},{"@type":"ListItem","position":3,"name":"Number of rowers and protectors of the rowing events"}]},{"@type":"WebSite","@id":"https:\/\/www.suursoudut.fi\/en\/#website","url":"https:\/\/www.suursoudut.fi\/en\/","name":"Sulkavan Suursoudut","description":"Soutujuhla Saimaalla","publisher":{"@id":"https:\/\/www.suursoudut.fi\/en\/#organization"},"potentialAction":[{"@type":"SearchAction","target":{"@type":"EntryPoint","urlTemplate":"https:\/\/www.suursoudut.fi\/en\/?s={search_term_string}"},"query-input":{"@type":"PropertyValueSpecification","valueRequired":true,"valueName":"search_term_string"}}],"inLanguage":"en-US"},{"@type":"Organization","@id":"https:\/\/www.suursoudut.fi\/en\/#organization","name":"Sulkavan Suursoudut","url":"https:\/\/www.suursoudut.fi\/en\/","logo":{"@type":"ImageObject","inLanguage":"en-US","@id":"https:\/\/www.suursoudut.fi\/en\/#\/schema\/logo\/image\/","url":"https:\/\/www.suursoudut.fi\/wp-content\/uploads\/2024\/10\/SulkavanSuursoudut.png","contentUrl":"https:\/\/www.suursoudut.fi\/wp-content\/uploads\/2024\/10\/SulkavanSuursoudut.png","width":700,"height":186,"caption":"Sulkavan Suursoudut"},"image":{"@id":"https:\/\/www.suursoudut.fi\/en\/#\/schema\/logo\/image\/"}}]}},"_links":{"self":[{"href":"https:\/\/www.suursoudut.fi\/en\/wp-json\/wp\/v2\/pages\/4467","targetHints":{"allow":["GET"]}}],"collection":[{"href":"https:\/\/www.suursoudut.fi\/en\/wp-json\/wp\/v2\/pages"}],"about":[{"href":"https:\/\/www.suursoudut.fi\/en\/wp-json\/wp\/v2\/types\/page"}],"author":[{"embeddable":true,"href":"https:\/\/www.suursoudut.fi\/en\/wp-json\/wp\/v2\/users\/1"}],"replies":[{"embeddable":true,"href":"https:\/\/www.suursoudut.fi\/en\/wp-json\/wp\/v2\/comments?post=4467"}],"version-history":[{"count":16,"href":"https:\/\/www.suursoudut.fi\/en\/wp-json\/wp\/v2\/pages\/4467\/revisions"}],"predecessor-version":[{"id":7950,"href":"https:\/\/www.suursoudut.fi\/en\/wp-json\/wp\/v2\/pages\/4467\/revisions\/7950"}],"up":[{"embeddable":true,"href":"https:\/\/www.suursoudut.fi\/en\/wp-json\/wp\/v2\/pages\/4847"}],"wp:featuredmedia":[{"embeddable":true,"href":"https:\/\/www.suursoudut.fi\/en\/wp-json\/wp\/v2\/media\/3400"}],"wp:attachment":[{"href":"https:\/\/www.suursoudut.fi\/en\/wp-json\/wp\/v2\/media?parent=4467"}],"curies":[{"name":"wp","href":"https:\/\/api.w.org\/{rel}","templated":true}]}}