{"id":4533,"date":"2025-02-09T16:43:08","date_gmt":"2025-02-09T16:43:08","guid":{"rendered":"https:\/\/www.suursoudut.fi\/?page_id=4533"},"modified":"2025-02-09T18:15:11","modified_gmt":"2025-02-09T18:15:11","slug":"soutuporssi-keskustelualue","status":"publish","type":"page","link":"https:\/\/www.suursoudut.fi\/en\/soutuporssi-keskustelualue\/","title":{"rendered":"Rowing Forum discussion area"},"content":{"rendered":"\t\t<div data-elementor-type=\"wp-page\" data-elementor-id=\"4533\" class=\"elementor elementor-4533\" data-elementor-post-type=\"page\">\n\t\t\t\t<div class=\"elementor-element elementor-element-5b19c54f e-con-full e-flex e-con e-parent\" data-id=\"5b19c54f\" data-element_type=\"container\" data-e-type=\"container\" data-settings=\"{&quot;background_background&quot;:&quot;classic&quot;}\">\n\t\t\t\t<div class=\"elementor-element elementor-element-4f5b4388 elementor-widget elementor-widget-heading\" data-id=\"4f5b4388\" data-element_type=\"widget\" data-e-type=\"widget\" data-widget_type=\"heading.default\">\n\t\t\t\t<div class=\"elementor-widget-container\">\n\t\t\t\t\t<h1 class=\"elementor-heading-title elementor-size-default\">Rowing Forum discussion area<\/h1>\t\t\t\t<\/div>\n\t\t\t\t<\/div>\n\t\t\t\t<\/div>\n\t\t<div class=\"elementor-element elementor-element-e27d1dc e-grid e-con-boxed e-con e-parent\" data-id=\"e27d1dc\" data-element_type=\"container\" data-e-type=\"container\">\n\t\t\t\t\t<div class=\"e-con-inner\">\n\t\t\t\t<div class=\"elementor-element elementor-element-78a6b7c elementor-widget elementor-widget-shortcode\" data-id=\"78a6b7c\" data-element_type=\"widget\" data-e-type=\"widget\" data-widget_type=\"shortcode.default\">\n\t\t\t\t<div class=\"elementor-widget-container\">\n\t\t\t\t\t\t\t<div class=\"elementor-shortcode\"><div id=\"af-wrapper\"><div id=\"forum-header\"><div id=\"forum-navigation-mobile\"><a><span class=\"fas fa-bars\"><\/span>Menu<\/a><\/div><span class=\"screen-reader-text\">Forum Navigation<\/span><div id=\"forum-navigation\"><a class=\"home-link\" href=\"https:\/\/www.suursoudut.fi\/en\/forum\" target=\"_self\">Forum<\/a><a class=\"activity-link\" href=\"https:\/\/www.suursoudut.fi\/en\/forum?view=activity\" target=\"_self\">Activity<\/a><\/div><div id=\"forum-search\"><span class=\"search-icon fas fa-search\"><\/span><form method=\"get\" action=\"https:\/\/www.suursoudut.fi\/en\/forum?view=search\"><input name=\"view\" type=\"hidden\" value=\"search\"><input name=\"keywords\" type=\"search\" placeholder=\"Search ...\" value=\"\"><\/form><\/div><div class=\"clear\"><\/div><\/div><div id=\"forum-breadcrumbs\" itemscope itemtype=\"http:\/\/schema.org\/BreadcrumbList\"><span class=\"screen-reader-text\">Forum breadcrumbs - You are here:<\/span><span class=\"breadcrumb-icon fas fa-home\"><\/span><span itemprop=\"itemListElement\" itemscope itemtype=\"https:\/\/schema.org\/ListItem\"><a itemprop=\"item\" href=\"https:\/\/www.suursoudut.fi\/en\/forum\" title=\"Keskustelualue\"><span itemprop=\"name\">Keskustelualue<\/span><\/a><meta itemprop=\"position\" content=\"1\"><\/span><span class=\"breadcrumb-icon fas fa-chevron-right separator\"><\/span><\/div><h1 class=\"main-title main-title-\">Keskustelualue<\/h1><div class=\"title-element\" id=\"forum-category-266\">Haetaan soutajia \u2022 Looking for rowers<span class=\"last-post-headline\">Last post<\/span><\/div><div class=\"content-container\"><div class=\"content-element forum\" id=\"forum-1\"><div class=\"forum-status read\"><i class=\"fas fa-comments\"><\/i><\/div><div class=\"forum-name\"><a class=\"forum-title\" href=\"https:\/\/www.suursoudut.fi\/en\/forum?view=forum&#038;id=1\">Haetaan soutajia \u2022 Looking for rowers<\/a><small class=\"forum-description\">Puuttuuko veneest\u00e4si soutaja? J\u00e4t\u00e4 ilmoitus soutup\u00f6rssiin. Muista j\u00e4tt\u00e4\u00e4 yhteystietosi viestikentt\u00e4\u00e4n! \u2022 Is there a rower missing from your boat? Leave a post in the rowing forum. Remember to include your contact details in the message field!<\/small><small class=\"forum-stats\">0 Topics&nbsp;&middot;&nbsp;0 Posts<\/small><small class=\"forum-lastpost-small\"><small class=\"no-topics\">No topics yet!<\/small><\/small><\/div><div class=\"forum-poster\"><small class=\"no-topics\">No topics yet!<\/small><\/div><\/div><\/div><div class=\"title-element\" id=\"forum-category-267\">Soutajia tarjolla \u2022 Rowers available<span class=\"last-post-headline\">Last post<\/span><\/div><div class=\"content-container\"><div class=\"content-element forum\" id=\"forum-2\"><div class=\"forum-status unread\"><i class=\"fas fa-comments\"><\/i><\/div><div class=\"forum-name\"><a class=\"forum-title\" href=\"https:\/\/www.suursoudut.fi\/en\/forum?view=forum&#038;id=2\">Soutajia tarjolla \u2022 Rowers availablle<\/a><small class=\"forum-description\">Haluaisitko soutamaan, mutta porukka tai kaveri puuttuu? J\u00e4t\u00e4 ilmoitus soutup\u00f6rssiin. Muista j\u00e4tt\u00e4\u00e4 yhteystietosi! \u2022 Would you like to row, but don\u2019t have a crew or a buddy? Leave a post in the rowing forum. Remember to include your contact details<\/small><small class=\"forum-stats\">2 Topics&nbsp;&middot;&nbsp;2 Posts<\/small><small class=\"forum-lastpost-small\">Last post:&nbsp;<a href=\"https:\/\/www.suursoudut.fi\/en\/forum?view=topic&#038;id=95#postid-164\">Miessoutaja 60km matkalle 2026<\/a>&nbsp;&middot;&nbsp;<a href=\"https:\/\/www.suursoudut.fi\/en\/forum?view=topic&#038;id=95#postid-164\">3 months ago<\/a>&nbsp;&middot;&nbsp;Guest<\/small><\/div><div class=\"forum-poster\"><div class=\"forum-poster-summary\"><a href=\"https:\/\/www.suursoudut.fi\/en\/forum?view=topic&#038;id=95#postid-164\">Miessoutaja 60km matkalle &#8230;<\/a><br><small><a href=\"https:\/\/www.suursoudut.fi\/en\/forum?view=topic&#038;id=95#postid-164\">3 months ago<\/a><span>&nbsp;&middot;&nbsp;<\/span>Guest<\/small><\/div><\/div><\/div><\/div><div class=\"title-element\" id=\"forum-category-268\">Kyytip\u00f6rssi \u2022 Ride Share Forum<span class=\"last-post-headline\">Last post<\/span><\/div><div class=\"content-container\"><div class=\"content-element forum\" id=\"forum-3\"><div class=\"forum-status read\"><i class=\"fas fa-comments\"><\/i><\/div><div class=\"forum-name\"><a class=\"forum-title\" href=\"https:\/\/www.suursoudut.fi\/en\/forum?view=forum&#038;id=3\">Kyytip\u00f6rssi \u2022 Ride Share Forum<\/a><small class=\"forum-description\">Onko autossasi tilaa tai kaipaatko itse kyyti\u00e4 Suursoutuihin? Muista j\u00e4tt\u00e4\u00e4 yhteystietosi viestikentt\u00e4\u00e4n! \u2022 Do you have space in your car or are you looking for a ride to Suursoudut? \u2022 Remember to include your contact details in the message field!<\/small><small class=\"forum-stats\">0 Topics&nbsp;&middot;&nbsp;0 Posts<\/small><small class=\"forum-lastpost-small\"><small class=\"no-topics\">No topics yet!<\/small><\/small><\/div><div class=\"forum-poster\"><small class=\"no-topics\">No topics yet!<\/small><\/div><\/div><\/div><div class=\"title-element\" id=\"forum-category-269\">Halutaan vuokrata vene \u2022 Looking to rent a boat<span class=\"last-post-headline\">Last post<\/span><\/div><div class=\"content-container\"><div class=\"content-element forum\" id=\"forum-4\"><div class=\"forum-status unread\"><i class=\"fas fa-comments\"><\/i><\/div><div class=\"forum-name\"><a class=\"forum-title\" href=\"https:\/\/www.suursoudut.fi\/en\/forum?view=forum&#038;id=4\">Halutaan vuokrata \u2022 Looking to rent<\/a><small class=\"forum-description\">Halutaan vuokrata vene<\/small><small class=\"forum-stats\">6 Topics&nbsp;&middot;&nbsp;8 Posts<\/small><small class=\"forum-lastpost-small\">Last post:&nbsp;<a href=\"https:\/\/www.suursoudut.fi\/en\/forum?view=topic&#038;id=106#postid-182\">Vuorosoutuveneen vuokraus 11.7.202 &#8230;<\/a>&nbsp;&middot;&nbsp;<a href=\"https:\/\/www.suursoudut.fi\/en\/forum?view=topic&#038;id=106#postid-182\">1 week ago<\/a>&nbsp;&middot;&nbsp;Guest<\/small><\/div><div class=\"forum-poster\"><div class=\"forum-poster-summary\"><a href=\"https:\/\/www.suursoudut.fi\/en\/forum?view=topic&#038;id=106#postid-182\">Vuorosoutuveneen vuokraus &#8230;<\/a><br><small><a href=\"https:\/\/www.suursoudut.fi\/en\/forum?view=topic&#038;id=106#postid-182\">1 week ago<\/a><span>&nbsp;&middot;&nbsp;<\/span>Guest<\/small><\/div><\/div><\/div><\/div><div class=\"title-element\" id=\"forum-category-270\">Vuokralle tarjotaan vene<span class=\"last-post-headline\">Last post<\/span><\/div><div class=\"content-container\"><div class=\"content-element forum\" id=\"forum-5\"><div class=\"forum-status read\"><i class=\"fas fa-comments\"><\/i><\/div><div class=\"forum-name\"><a class=\"forum-title\" href=\"https:\/\/www.suursoudut.fi\/en\/forum?view=forum&#038;id=5\">Vuokralle tarjotaan<\/a><small class=\"forum-description\">Tarjoa t\u00e4\u00e4ll\u00e4 vuokralle veneit\u00e4 tai muita suursoutuihin liittyvi\u00e4 tarvikkeita<\/small><small class=\"forum-stats\">0 Topics&nbsp;&middot;&nbsp;0 Posts<\/small><small class=\"forum-lastpost-small\"><small class=\"no-topics\">No topics yet!<\/small><\/small><\/div><div class=\"forum-poster\"><small class=\"no-topics\">No topics yet!<\/small><\/div><\/div><\/div><div class=\"title-element\" id=\"forum-category-271\">Myyd\u00e4\u00e4n vene tai soututarvikkeita<span class=\"last-post-headline\">Last post<\/span><\/div><div class=\"content-container\"><div class=\"content-element forum\" id=\"forum-6\"><div class=\"forum-status unread\"><i class=\"fas fa-comments\"><\/i><\/div><div class=\"forum-name\"><a class=\"forum-title\" href=\"https:\/\/www.suursoudut.fi\/en\/forum?view=forum&#038;id=6\">Myyd\u00e4\u00e4n \u2022 For sale<\/a><small class=\"forum-description\">Myyd\u00e4\u00e4n veneit\u00e4 tai muita soututarvikkeita \u2022 Boats or other rowing equipment for sale<\/small><small class=\"forum-stats\">16 Topics&nbsp;&middot;&nbsp;32 Posts<\/small><small class=\"forum-lastpost-small\">Last post:&nbsp;<a href=\"https:\/\/www.suursoudut.fi\/en\/forum?view=topic&#038;id=109#postid-187\">Myyd\u00e4\u00e4n parisoutuvene<\/a>&nbsp;&middot;&nbsp;<a href=\"https:\/\/www.suursoudut.fi\/en\/forum?view=topic&#038;id=109#postid-187\">1 day ago<\/a>&nbsp;&middot;&nbsp;Guest<\/small><\/div><div class=\"forum-poster\"><div class=\"forum-poster-summary\"><a href=\"https:\/\/www.suursoudut.fi\/en\/forum?view=topic&#038;id=109#postid-187\">Myyd\u00e4\u00e4n parisoutuvene<\/a><br><small><a href=\"https:\/\/www.suursoudut.fi\/en\/forum?view=topic&#038;id=109#postid-187\">1 day ago<\/a><span>&nbsp;&middot;&nbsp;<\/span>Guest<\/small><\/div><\/div><\/div><\/div><div class=\"title-element\" id=\"forum-category-272\">Ostetaan vene tai muita soututarvikkeita \u2022 Looking to buy a boat or other rowing equipment<span class=\"last-post-headline\">Last post<\/span><\/div><div class=\"content-container\"><div class=\"content-element forum\" id=\"forum-7\"><div class=\"forum-status unread\"><i class=\"fas fa-comments\"><\/i><\/div><div class=\"forum-name\"><a class=\"forum-title\" href=\"https:\/\/www.suursoudut.fi\/en\/forum?view=forum&#038;id=7\">Ostetaan \u2022 Wanted<\/a><small class=\"forum-description\">Ostetaan vene tai muita soututarvikkeita<\/small><small class=\"forum-stats\">1 Topic&nbsp;&middot;&nbsp;1 Post<\/small><small class=\"forum-lastpost-small\">Last post:&nbsp;<a href=\"https:\/\/www.suursoudut.fi\/en\/forum?view=topic&#038;id=107#postid-183\">Myyd\u00e4\u00e4n vuorosoutuvene<\/a>&nbsp;&middot;&nbsp;<a href=\"https:\/\/www.suursoudut.fi\/en\/forum?view=topic&#038;id=107#postid-183\">6 days ago<\/a>&nbsp;&middot;&nbsp;Guest<\/small><\/div><div class=\"forum-poster\"><div class=\"forum-poster-summary\"><a href=\"https:\/\/www.suursoudut.fi\/en\/forum?view=topic&#038;id=107#postid-183\">Myyd\u00e4\u00e4n vuorosoutuvene<\/a><br><small><a href=\"https:\/\/www.suursoudut.fi\/en\/forum?view=topic&#038;id=107#postid-183\">6 days ago<\/a><span>&nbsp;&middot;&nbsp;<\/span>Guest<\/small><\/div><\/div><\/div><\/div><div id=\"read-unread\"><span class=\"indicator unread\"><\/span><span class=\"indicator-label\">New posts<\/span><span class=\"indicator read\"><\/span><span class=\"indicator-label\">Nothing new<\/span><span class=\"indicator-label\"><span class=\"fas fa-check\"><\/span><a href=\"https:\/\/www.suursoudut.fi\/en\/forum?view=markallread&#038;_wpnonce=d17371b35b\">Mark All Read<\/a><\/span><span class=\"indicator-label\"><span class=\"fas fa-history\"><\/span><a href=\"https:\/\/www.suursoudut.fi\/en\/forum?view=unread\">Show Unread Topics<\/a><\/span><div class=\"clear\"><\/div><\/div><div id=\"bottom-navigation\"><\/div><div class=\"clear\"><\/div><\/div><\/div>\n\t\t\t\t\t\t<\/div>\n\t\t\t\t<\/div>\n\t\t\t\t<div class=\"elementor-element elementor-element-5f291721 elementor-widget elementor-widget-text-editor\" data-id=\"5f291721\" data-element_type=\"widget\" data-e-type=\"widget\" data-widget_type=\"text-editor.default\">\n\t\t\t\t<div class=\"elementor-widget-container\">\n\t\t\t\t\t\t\t\t\t<p>The Rowing Forum has different categories for discussion threads. In the forum, you can:<\/p><ul><li>Buy, sell, or rent boats and rowing equipment<\/li><li>Look for a rower<\/li><li>Offer yourself as a rower<\/li><li>Arrange rides<\/li><\/ul><p>The forum operates independently, and the content is not the responsibility of the Suursoudut organization.<br \/>However, we monitor the content, and inappropriate posts will be removed. When your post becomes outdated, you can comment in the discussion to mark the issue as resolved. Posts older than one year or those related to previous rowing events will be automatically deleted.<\/p><p>For the subject of your message, please use a sentence that best describes your matter, and remember to include your contact details in the discussion. You can also upload images (note: image filenames should not contain special characters like spaces, accents, etc.).<\/p>\t\t\t\t\t\t\t\t<\/div>\n\t\t\t\t<\/div>\n\t\t\t\t\t<\/div>\n\t\t\t\t<\/div>\n\t\t\t\t<\/div>\n\t\t","protected":false},"excerpt":{"rendered":"<p>The Rowing Forum has different categories for discussion threads. In the forum, you can: Buy, sell, or rent boats and rowing equipment Look for a rower Offer yourself as a rower Arrange rides The forum operates independently, and the content is not the responsibility of the Suursoudut organization.However, we monitor the content, and inappropriate posts [&hellip;]<\/p>\n","protected":false},"author":1,"featured_media":3458,"parent":0,"menu_order":5,"comment_status":"closed","ping_status":"closed","template":"","meta":{"footnotes":""},"class_list":["post-4533","page","type-page","status-publish","has-post-thumbnail","hentry"],"blocksy_meta":[],"yoast_head":"<!-- This site is optimized with the Yoast SEO plugin v27.4 - https:\/\/yoast.com\/product\/yoast-seo-wordpress\/ -->\n<title>Rowing Forum discussion area - Sulkavan Suursoudut<\/title>\n<meta name=\"robots\" content=\"index, follow, max-snippet:-1, max-image-preview:large, max-video-preview:-1\" \/>\n<link rel=\"canonical\" href=\"https:\/\/www.suursoudut.fi\/en\/soutuporssi-keskustelualue\/\" \/>\n<meta property=\"og:locale\" content=\"en_US\" \/>\n<meta property=\"og:type\" content=\"article\" \/>\n<meta property=\"og:title\" content=\"Rowing Forum discussion area - Sulkavan Suursoudut\" \/>\n<meta property=\"og:description\" content=\"The Rowing Forum has different categories for discussion threads. In the forum, you can: Buy, sell, or rent boats and rowing equipment Look for a rower Offer yourself as a rower Arrange rides The forum operates independently, and the content is not the responsibility of the Suursoudut organization.However, we monitor the content, and inappropriate posts [&hellip;]\" \/>\n<meta property=\"og:url\" content=\"https:\/\/www.suursoudut.fi\/en\/soutuporssi-keskustelualue\/\" \/>\n<meta property=\"og:site_name\" content=\"Sulkavan Suursoudut\" \/>\n<meta property=\"article:modified_time\" content=\"2025-02-09T18:15:11+00:00\" \/>\n<meta property=\"og:image\" content=\"https:\/\/www.suursoudut.fi\/wp-content\/uploads\/2024\/11\/Sulkavan-soudut-29.jpg\" \/>\n\t<meta property=\"og:image:width\" content=\"1920\" \/>\n\t<meta property=\"og:image:height\" content=\"1243\" \/>\n\t<meta property=\"og:image:type\" content=\"image\/jpeg\" \/>\n<meta name=\"twitter:card\" content=\"summary_large_image\" \/>\n<meta name=\"twitter:label1\" content=\"Est. reading time\" \/>\n\t<meta name=\"twitter:data1\" content=\"2 minutes\" \/>\n<script type=\"application\/ld+json\" class=\"yoast-schema-graph\">{\"@context\":\"https:\\\/\\\/schema.org\",\"@graph\":[{\"@type\":\"WebPage\",\"@id\":\"https:\\\/\\\/www.suursoudut.fi\\\/en\\\/soutuporssi-keskustelualue\\\/\",\"url\":\"https:\\\/\\\/www.suursoudut.fi\\\/en\\\/soutuporssi-keskustelualue\\\/\",\"name\":\"Rowing Forum discussion area - Sulkavan Suursoudut\",\"isPartOf\":{\"@id\":\"https:\\\/\\\/www.suursoudut.fi\\\/en\\\/#website\"},\"primaryImageOfPage\":{\"@id\":\"https:\\\/\\\/www.suursoudut.fi\\\/en\\\/soutuporssi-keskustelualue\\\/#primaryimage\"},\"image\":{\"@id\":\"https:\\\/\\\/www.suursoudut.fi\\\/en\\\/soutuporssi-keskustelualue\\\/#primaryimage\"},\"thumbnailUrl\":\"https:\\\/\\\/www.suursoudut.fi\\\/wp-content\\\/uploads\\\/2024\\\/11\\\/Sulkavan-soudut-29.jpg\",\"datePublished\":\"2025-02-09T16:43:08+00:00\",\"dateModified\":\"2025-02-09T18:15:11+00:00\",\"breadcrumb\":{\"@id\":\"https:\\\/\\\/www.suursoudut.fi\\\/en\\\/soutuporssi-keskustelualue\\\/#breadcrumb\"},\"inLanguage\":\"en-US\",\"potentialAction\":[{\"@type\":\"ReadAction\",\"target\":[\"https:\\\/\\\/www.suursoudut.fi\\\/en\\\/soutuporssi-keskustelualue\\\/\"]}]},{\"@type\":\"ImageObject\",\"inLanguage\":\"en-US\",\"@id\":\"https:\\\/\\\/www.suursoudut.fi\\\/en\\\/soutuporssi-keskustelualue\\\/#primaryimage\",\"url\":\"https:\\\/\\\/www.suursoudut.fi\\\/wp-content\\\/uploads\\\/2024\\\/11\\\/Sulkavan-soudut-29.jpg\",\"contentUrl\":\"https:\\\/\\\/www.suursoudut.fi\\\/wp-content\\\/uploads\\\/2024\\\/11\\\/Sulkavan-soudut-29.jpg\",\"width\":1920,\"height\":1243},{\"@type\":\"BreadcrumbList\",\"@id\":\"https:\\\/\\\/www.suursoudut.fi\\\/en\\\/soutuporssi-keskustelualue\\\/#breadcrumb\",\"itemListElement\":[{\"@type\":\"ListItem\",\"position\":1,\"name\":\"Etusivu\",\"item\":\"https:\\\/\\\/www.suursoudut.fi\\\/en\\\/\"},{\"@type\":\"ListItem\",\"position\":2,\"name\":\"Rowing Forum discussion area\"}]},{\"@type\":\"WebSite\",\"@id\":\"https:\\\/\\\/www.suursoudut.fi\\\/en\\\/#website\",\"url\":\"https:\\\/\\\/www.suursoudut.fi\\\/en\\\/\",\"name\":\"Sulkavan Suursoudut\",\"description\":\"Soutujuhla Saimaalla\",\"publisher\":{\"@id\":\"https:\\\/\\\/www.suursoudut.fi\\\/en\\\/#organization\"},\"potentialAction\":[{\"@type\":\"SearchAction\",\"target\":{\"@type\":\"EntryPoint\",\"urlTemplate\":\"https:\\\/\\\/www.suursoudut.fi\\\/en\\\/?s={search_term_string}\"},\"query-input\":{\"@type\":\"PropertyValueSpecification\",\"valueRequired\":true,\"valueName\":\"search_term_string\"}}],\"inLanguage\":\"en-US\"},{\"@type\":\"Organization\",\"@id\":\"https:\\\/\\\/www.suursoudut.fi\\\/en\\\/#organization\",\"name\":\"Sulkavan Suursoudut\",\"url\":\"https:\\\/\\\/www.suursoudut.fi\\\/en\\\/\",\"logo\":{\"@type\":\"ImageObject\",\"inLanguage\":\"en-US\",\"@id\":\"https:\\\/\\\/www.suursoudut.fi\\\/en\\\/#\\\/schema\\\/logo\\\/image\\\/\",\"url\":\"https:\\\/\\\/www.suursoudut.fi\\\/wp-content\\\/uploads\\\/2024\\\/10\\\/SulkavanSuursoudut.png\",\"contentUrl\":\"https:\\\/\\\/www.suursoudut.fi\\\/wp-content\\\/uploads\\\/2024\\\/10\\\/SulkavanSuursoudut.png\",\"width\":700,\"height\":186,\"caption\":\"Sulkavan Suursoudut\"},\"image\":{\"@id\":\"https:\\\/\\\/www.suursoudut.fi\\\/en\\\/#\\\/schema\\\/logo\\\/image\\\/\"}}]}<\/script>\n<!-- \/ Yoast SEO plugin. -->","yoast_head_json":{"title":"Rowing Forum discussion area - Sulkavan Suursoudut","robots":{"index":"index","follow":"follow","max-snippet":"max-snippet:-1","max-image-preview":"max-image-preview:large","max-video-preview":"max-video-preview:-1"},"canonical":"https:\/\/www.suursoudut.fi\/en\/soutuporssi-keskustelualue\/","og_locale":"en_US","og_type":"article","og_title":"Rowing Forum discussion area - Sulkavan Suursoudut","og_description":"The Rowing Forum has different categories for discussion threads. In the forum, you can: Buy, sell, or rent boats and rowing equipment Look for a rower Offer yourself as a rower Arrange rides The forum operates independently, and the content is not the responsibility of the Suursoudut organization.However, we monitor the content, and inappropriate posts [&hellip;]","og_url":"https:\/\/www.suursoudut.fi\/en\/soutuporssi-keskustelualue\/","og_site_name":"Sulkavan Suursoudut","article_modified_time":"2025-02-09T18:15:11+00:00","og_image":[{"width":1920,"height":1243,"url":"https:\/\/www.suursoudut.fi\/wp-content\/uploads\/2024\/11\/Sulkavan-soudut-29.jpg","type":"image\/jpeg"}],"twitter_card":"summary_large_image","twitter_misc":{"Est. reading time":"2 minutes"},"schema":{"@context":"https:\/\/schema.org","@graph":[{"@type":"WebPage","@id":"https:\/\/www.suursoudut.fi\/en\/soutuporssi-keskustelualue\/","url":"https:\/\/www.suursoudut.fi\/en\/soutuporssi-keskustelualue\/","name":"Rowing Forum discussion area - Sulkavan Suursoudut","isPartOf":{"@id":"https:\/\/www.suursoudut.fi\/en\/#website"},"primaryImageOfPage":{"@id":"https:\/\/www.suursoudut.fi\/en\/soutuporssi-keskustelualue\/#primaryimage"},"image":{"@id":"https:\/\/www.suursoudut.fi\/en\/soutuporssi-keskustelualue\/#primaryimage"},"thumbnailUrl":"https:\/\/www.suursoudut.fi\/wp-content\/uploads\/2024\/11\/Sulkavan-soudut-29.jpg","datePublished":"2025-02-09T16:43:08+00:00","dateModified":"2025-02-09T18:15:11+00:00","breadcrumb":{"@id":"https:\/\/www.suursoudut.fi\/en\/soutuporssi-keskustelualue\/#breadcrumb"},"inLanguage":"en-US","potentialAction":[{"@type":"ReadAction","target":["https:\/\/www.suursoudut.fi\/en\/soutuporssi-keskustelualue\/"]}]},{"@type":"ImageObject","inLanguage":"en-US","@id":"https:\/\/www.suursoudut.fi\/en\/soutuporssi-keskustelualue\/#primaryimage","url":"https:\/\/www.suursoudut.fi\/wp-content\/uploads\/2024\/11\/Sulkavan-soudut-29.jpg","contentUrl":"https:\/\/www.suursoudut.fi\/wp-content\/uploads\/2024\/11\/Sulkavan-soudut-29.jpg","width":1920,"height":1243},{"@type":"BreadcrumbList","@id":"https:\/\/www.suursoudut.fi\/en\/soutuporssi-keskustelualue\/#breadcrumb","itemListElement":[{"@type":"ListItem","position":1,"name":"Etusivu","item":"https:\/\/www.suursoudut.fi\/en\/"},{"@type":"ListItem","position":2,"name":"Rowing Forum discussion area"}]},{"@type":"WebSite","@id":"https:\/\/www.suursoudut.fi\/en\/#website","url":"https:\/\/www.suursoudut.fi\/en\/","name":"Sulkavan Suursoudut","description":"Soutujuhla Saimaalla","publisher":{"@id":"https:\/\/www.suursoudut.fi\/en\/#organization"},"potentialAction":[{"@type":"SearchAction","target":{"@type":"EntryPoint","urlTemplate":"https:\/\/www.suursoudut.fi\/en\/?s={search_term_string}"},"query-input":{"@type":"PropertyValueSpecification","valueRequired":true,"valueName":"search_term_string"}}],"inLanguage":"en-US"},{"@type":"Organization","@id":"https:\/\/www.suursoudut.fi\/en\/#organization","name":"Sulkavan Suursoudut","url":"https:\/\/www.suursoudut.fi\/en\/","logo":{"@type":"ImageObject","inLanguage":"en-US","@id":"https:\/\/www.suursoudut.fi\/en\/#\/schema\/logo\/image\/","url":"https:\/\/www.suursoudut.fi\/wp-content\/uploads\/2024\/10\/SulkavanSuursoudut.png","contentUrl":"https:\/\/www.suursoudut.fi\/wp-content\/uploads\/2024\/10\/SulkavanSuursoudut.png","width":700,"height":186,"caption":"Sulkavan Suursoudut"},"image":{"@id":"https:\/\/www.suursoudut.fi\/en\/#\/schema\/logo\/image\/"}}]}},"_links":{"self":[{"href":"https:\/\/www.suursoudut.fi\/en\/wp-json\/wp\/v2\/pages\/4533","targetHints":{"allow":["GET"]}}],"collection":[{"href":"https:\/\/www.suursoudut.fi\/en\/wp-json\/wp\/v2\/pages"}],"about":[{"href":"https:\/\/www.suursoudut.fi\/en\/wp-json\/wp\/v2\/types\/page"}],"author":[{"embeddable":true,"href":"https:\/\/www.suursoudut.fi\/en\/wp-json\/wp\/v2\/users\/1"}],"replies":[{"embeddable":true,"href":"https:\/\/www.suursoudut.fi\/en\/wp-json\/wp\/v2\/comments?post=4533"}],"version-history":[{"count":12,"href":"https:\/\/www.suursoudut.fi\/en\/wp-json\/wp\/v2\/pages\/4533\/revisions"}],"predecessor-version":[{"id":4550,"href":"https:\/\/www.suursoudut.fi\/en\/wp-json\/wp\/v2\/pages\/4533\/revisions\/4550"}],"wp:featuredmedia":[{"embeddable":true,"href":"https:\/\/www.suursoudut.fi\/en\/wp-json\/wp\/v2\/media\/3458"}],"wp:attachment":[{"href":"https:\/\/www.suursoudut.fi\/en\/wp-json\/wp\/v2\/media?parent=4533"}],"curies":[{"name":"wp","href":"https:\/\/api.w.org\/{rel}","templated":true}]}}